{"id":9003241321310329,"date":"2024-08-25T10:20:06","date_gmt":"2024-08-25T08:20:06","guid":{"rendered":"https:\/\/soundfingers.com\/?post_type=product&#038;p=9003241321310329"},"modified":"2025-11-01T07:36:38","modified_gmt":"2025-11-01T06:36:38","slug":"dread-drumz","status":"publish","type":"product","link":"https:\/\/soundfingers.com\/pt\/plugins\/dread-drumz\/","title":{"rendered":"Dread Drumz"},"content":{"rendered":"<h3><strong>Vis\u00e3o geral do produto:<\/strong><\/h3>\n<p>O Dread Drumz redefine a forma como os produtores e m\u00fasicos criam sons de bateria para roots, reggae, dub e muito mais. Compat\u00edvel com os formatos VST3, AU e AAX, ele se encaixa perfeitamente em qualquer DAW. Crie grooves de bateria aut\u00eanticos e poderosos para qualquer g\u00e9nero que exija batidas profundas e ressonantes.<\/p>\n<h3><strong>Caracter\u00edsticas principais:<\/strong><\/h3>\n<p><strong>Massive Biblioteca de amostras de bateria:<\/strong> Tenha acesso a kits de reggae cl\u00e1ssicos e sons de bateria modernos e de vanguarda, perfeitos para dub, reggaeton, electro dub e muito mais.<\/p>\n<p><strong>Personaliza\u00e7\u00e3o total do som:<\/strong> Misture, ajuste e coloque samples de bateria em camadas para criar os seus pr\u00f3prios kits. Utilize os racks de efeitos incorporados para adicionar profundidade, distor\u00e7\u00e3o e car\u00e1cter a cada batida de bateria.<\/p>\n<p><strong>Extensa cole\u00e7\u00e3o de loops MIDI:<\/strong> Explore uma grande variedade de loops MIDI, incluindo grooves, preenchimentos, introdu\u00e7\u00f5es e pausas, para despertar inspira\u00e7\u00e3o e simplificar o seu fluxo de trabalho.<\/p>\n<p>O Dread Drumz oferece total compatibilidade com os formatos VST3, AU e AAX, garantindo uma integra\u00e7\u00e3o sem esfor\u00e7o em qualquer DAW importante.<\/p>\n<h3><strong>Benef\u00edcios:<\/strong><\/h3>\n<p>Com o Dread Drumz, ter\u00e1 tudo o que precisa para criar sons de bateria \u00fanicos e definidores de g\u00e9nero num \u00fanico plugin. A extensa biblioteca de samples de bateria e loops MIDI elimina a necessidade de pacotes de sons ou plugins adicionais, simplificando o seu processo de produ\u00e7\u00e3o.<\/p>\n<p><strong>Controlo de som de bateria criativo:<\/strong> Assuma o controlo total do seu som de bateria com infinitas op\u00e7\u00f5es de personaliza\u00e7\u00e3o. Misture e misture samples, ajuste efeitos e crie o kit perfeito para a sua faixa, tudo com facilidade.<\/p>\n<p>A interface intuitiva e os efeitos incorporados ajudam-no a poupar tempo, para que se possa concentrar em fazer m\u00fasica e n\u00e3o em ajustar as defini\u00e7\u00f5es.<\/p>\n<h3><strong>Porqu\u00ea escolher o Dread Drumz?<\/strong><\/h3>\n<p>Dread Drumz \u00e9 o plugin de bateria definitivo para produtores que desejam ritmos aut\u00eanticos e poderosos. Quer esteja a criar batidas cl\u00e1ssicas de reggae, grooves modernos de dub ou ritmos experimentais, o Dread Drumz tem as ferramentas para dar vida ao seu som. Obtenha as baterias mais pesadas e vers\u00e1teis em suas produ\u00e7\u00f5es com o Dread Drumz.<\/p>","protected":false},"excerpt":{"rendered":"<p>Product Overview: Dread Drumz redefines how producers and musicians craft drum sounds for roots, reggae, dub, and beyond. Compatible with VST3, AU, and AAX formats, it fits seamlessly into any DAW. Create authentic, powerful drum grooves for any genre that demands deep, resonant beats. Key Features: Massive Drum Sample Library: Get access to both classic [&hellip;]<\/p>\n","protected":false},"featured_media":9003241321316494,"comment_status":"open","ping_status":"closed","template":"","meta":{"_acf_changed":false,"_seopress_robots_primary_cat":"none","_seopress_titles_title":"","_seopress_titles_desc":"","_seopress_robots_index":"","iawp_total_views":0},"product_brand":[],"product_cat":[447,64],"product_tag":[],"class_list":{"0":"post-9003241321310329","1":"product","2":"type-product","3":"status-publish","4":"has-post-thumbnail","6":"product_cat-drums","7":"product_cat-vst-instruments","9":"first","10":"instock","11":"sale","12":"downloadable","13":"virtual","14":"sold-individually","15":"purchasable","16":"product-type-simple"},"acf":[],"_links":{"self":[{"href":"https:\/\/soundfingers.com\/pt\/wp-json\/wp\/v2\/product\/9003241321310329","targetHints":{"allow":["GET"]}}],"collection":[{"href":"https:\/\/soundfingers.com\/pt\/wp-json\/wp\/v2\/product"}],"about":[{"href":"https:\/\/soundfingers.com\/pt\/wp-json\/wp\/v2\/types\/product"}],"replies":[{"embeddable":true,"href":"https:\/\/soundfingers.com\/pt\/wp-json\/wp\/v2\/comments?post=9003241321310329"}],"version-history":[{"count":0,"href":"https:\/\/soundfingers.com\/pt\/wp-json\/wp\/v2\/product\/9003241321310329\/revisions"}],"wp:featuredmedia":[{"embeddable":true,"href":"https:\/\/soundfingers.com\/pt\/wp-json\/wp\/v2\/media\/9003241321316494"}],"wp:attachment":[{"href":"https:\/\/soundfingers.com\/pt\/wp-json\/wp\/v2\/media?parent=9003241321310329"}],"wp:term":[{"taxonomy":"product_brand","embeddable":true,"href":"https:\/\/soundfingers.com\/pt\/wp-json\/wp\/v2\/product_brand?post=9003241321310329"},{"taxonomy":"product_cat","embeddable":true,"href":"https:\/\/soundfingers.com\/pt\/wp-json\/wp\/v2\/product_cat?post=9003241321310329"},{"taxonomy":"product_tag","embeddable":true,"href":"https:\/\/soundfingers.com\/pt\/wp-json\/wp\/v2\/product_tag?post=9003241321310329"}],"curies":[{"name":"wp","href":"https:\/\/api.w.org\/{rel}","templated":true}]}}