{"id":1064056,"date":"2023-02-26T21:49:38","date_gmt":"2023-02-26T20:49:38","guid":{"rendered":"https:\/\/soundfingers.com\/?post_type=product&#038;p=1064056"},"modified":"2026-03-22T08:22:27","modified_gmt":"2026-03-22T07:22:27","slug":"basstone-x","status":"publish","type":"product","link":"https:\/\/soundfingers.com\/pt\/plugins\/basstone-x\/","title":{"rendered":"BassTone X"},"content":{"rendered":"<p data-block-id=\"2c47ab91-b604-4972-8e54-932dd26bc292\" data-pm-slice=\"1 1 []\"><img data-dominant-color=\"26292a\" data-has-transparency=\"false\" style=\"--dominant-color: #26292a;\" loading=\"lazy\" decoding=\"async\" class=\"alignnone wp-image-9003241321303742 size-medium not-transparent\" src=\"https:\/\/soundfingers.com\/wp-content\/uploads\/2023\/11\/BTX-Ad-Square-1-300x300.png\" alt=\"Visualiza\u00e7\u00e3o do plugin &quot;BassTone X\" width=\"300\" height=\"300\" srcset=\"https:\/\/soundfingers.com\/wp-content\/uploads\/2023\/11\/BTX-Ad-Square-1-300x300.png 300w, https:\/\/soundfingers.com\/wp-content\/uploads\/2023\/11\/BTX-Ad-Square-1-500x500.webp 500w, https:\/\/soundfingers.com\/wp-content\/uploads\/2023\/11\/BTX-Ad-Square-1-1080x1080.webp 1080w, https:\/\/soundfingers.com\/wp-content\/uploads\/2023\/11\/BTX-Ad-Square-1-12x12.webp 12w, https:\/\/soundfingers.com\/wp-content\/uploads\/2023\/11\/BTX-Ad-Square-1-150x150.png 150w, https:\/\/soundfingers.com\/wp-content\/uploads\/2023\/11\/BTX-Ad-Square-1-768x768.png 768w, https:\/\/soundfingers.com\/wp-content\/uploads\/2023\/11\/BTX-Ad-Square-1-600x600.png 600w, https:\/\/soundfingers.com\/wp-content\/uploads\/2023\/11\/BTX-Ad-Square-1-100x100.png 100w, https:\/\/soundfingers.com\/wp-content\/uploads\/2023\/11\/BTX-Ad-Square-1-1024x1024.png 1024w, https:\/\/soundfingers.com\/wp-content\/uploads\/2023\/11\/BTX-Ad-Square-1-90x90.png 90w, https:\/\/soundfingers.com\/wp-content\/uploads\/2023\/11\/BTX-Ad-Square-1-png.webp 1200w\" sizes=\"auto, (max-width: 300px) 100vw, 300px\" \/><\/p>\n<p data-block-id=\"2c47ab91-b604-4972-8e54-932dd26bc292\" data-pm-slice=\"1 1 []\"><strong>Vis\u00e3o geral do produto:<\/strong><\/p>\n<p data-block-id=\"6dcfa15f-bdaa-4ffd-b8c5-37b0b36ee091\">O BassTone X transforma a forma como os produtores e m\u00fasicos produzem sons graves. Funciona com os formatos VST3, AU e AAX, adaptando-se a qualquer DAW. Crie linhas de baixo poderosas para Dub e m\u00fasica pesada de baixo.<\/p>\n<p data-block-id=\"0cf51c45-74d2-4d45-94ba-e5f35bba69d2\"><strong>Caracter\u00edsticas principais:<\/strong><\/p>\n<ul data-block-id=\"f941abdb-4fa1-4ebb-b5cb-bc3587a9211a\">\n<li>\n<p data-block-id=\"068aa049-0d09-4963-afba-24ab028bfb86\">**Flexibilidade de motor duplo:** Combina graves reais com motor sint\u00e9tico para obter diversos tons.<\/p>\n<\/li>\n<li>\n<p data-block-id=\"8d5cee52-8ca7-458e-9a20-aacf539ec919\">**Ampla gama de sons:** Pode obter graves cl\u00e1ssicos quentes, subgraves profundos e graves sint\u00e9ticos ressonantes para qualquer faixa.<\/p>\n<\/li>\n<li>\n<p data-block-id=\"15f6a997-8d9c-47ac-b193-08eb272fd529\">**Interface f\u00e1cil de utilizar:** O BassTone X \u00e9 adequado para principiantes e profissionais. Tem uma interface simples. Torna a cria\u00e7\u00e3o de tons graves r\u00e1pida e f\u00e1cil.<\/p>\n<\/li>\n<li>\n<p data-block-id=\"30ec434b-1eb6-4317-ae56-4572a57209ea\">O **Built-in Effects Rack** aumenta os sons de baixa frequ\u00eancia, dando profundidade \u00e0s linhas de baixo sem esfor\u00e7o. Foi concebido para enriquecer a sua m\u00fasica sem plug-ins adicionais.<\/p>\n<\/li>\n<li>\n<p data-block-id=\"34b34815-7e26-4653-86a3-565e276bb704\">Totalmente compat\u00edvel com todas as principais DAWs atrav\u00e9s dos formatos VST3, AU e AAX. Garante uma integra\u00e7\u00e3o perfeita no seu fluxo de trabalho de produ\u00e7\u00e3o.<\/p>\n<\/li>\n<\/ul>\n<p data-block-id=\"8ce47bcf-afa7-43af-a5c2-3df199d39b56\"><strong>Benef\u00edcios:<\/strong><\/p>\n<ul data-block-id=\"6be6975e-e11e-441f-8a44-db6b9c891886\">\n<li>\n<p data-block-id=\"9992741e-e896-43df-948c-a8228f021df3\">Com as suas caracter\u00edsticas de design de som, o BassTone X simplifica a obten\u00e7\u00e3o de graves ricos. Elimina a necessidade de muitos plugins, simplificando a produ\u00e7\u00e3o.<\/p>\n<\/li>\n<li>\n<p data-block-id=\"c032cb65-bb8a-4c31-b000-de7d7b47d18b\">**Cria\u00e7\u00e3o de sons personaliz\u00e1veis:** Pode personalizar os sons extensivamente. Misture samples e sons sint\u00e9ticos, ajuste efeitos e par\u00e2metros de afina\u00e7\u00e3o para obter linhas de baixo \u00fanicas.<\/p>\n<\/li>\n<li>\n<p data-block-id=\"22779f13-d624-4284-907b-34a373176a0a\">A interface simples e os efeitos incorporados reduzem o tempo de produ\u00e7\u00e3o. Agora pode concentrar-se na criatividade e n\u00e3o em ajustes t\u00e9cnicos.<\/p>\n<\/li>\n<\/ul>\n<p data-block-id=\"4f50d757-b313-4782-ab85-178ab4fea55a\"><strong>Porqu\u00ea escolher o BassTone X?<\/strong><\/p>\n<p data-block-id=\"833f4471-93bb-4d8d-a804-698bb7e7b3a7\">O BassTone X \u00e9 \u00f3timo para produtores que querem sons graves inovadores. Gosta de \u00eaxitos do Dub, m\u00fasica eletr\u00f3nica ou vibra\u00e7\u00f5es de graves pesados? O BassTone X tem ferramentas para graves fant\u00e1sticos. Abrace o poder dos graves profundos e eleve sua produ\u00e7\u00e3o musical com o BassTone X.<\/p>","protected":false},"excerpt":{"rendered":"<p>Experimente o poder das linhas de baixo profundas e estrondosas e das subfrequ\u00eancias ricas como nunca antes com o BassTone X, o instrumento h\u00edbrido inovador concebido para produtores de m\u00fasica reggae e dub.<\/p>","protected":false},"featured_media":9003241321310060,"comment_status":"open","ping_status":"closed","template":"","meta":{"_acf_changed":false,"_seopress_robots_primary_cat":"none","_seopress_titles_title":"%%post_title%% - Deep Dub Basses | SoundFingers","_seopress_titles_desc":"Experience the power of Deep Dub basses by SoundFingers. BassTone X is a groundbreaking hybrid instrument designed for Reggae, Dub... and more.","_seopress_robots_index":"","iawp_total_views":6191},"product_brand":[],"product_cat":[64],"product_tag":[],"class_list":{"0":"post-1064056","1":"product","2":"type-product","3":"status-publish","4":"has-post-thumbnail","6":"product_cat-vst-instruments","8":"first","9":"instock","10":"downloadable","11":"virtual","12":"sold-individually","13":"purchasable","14":"product-type-simple"},"acf":[],"_links":{"self":[{"href":"https:\/\/soundfingers.com\/pt\/wp-json\/wp\/v2\/product\/1064056","targetHints":{"allow":["GET"]}}],"collection":[{"href":"https:\/\/soundfingers.com\/pt\/wp-json\/wp\/v2\/product"}],"about":[{"href":"https:\/\/soundfingers.com\/pt\/wp-json\/wp\/v2\/types\/product"}],"replies":[{"embeddable":true,"href":"https:\/\/soundfingers.com\/pt\/wp-json\/wp\/v2\/comments?post=1064056"}],"version-history":[{"count":0,"href":"https:\/\/soundfingers.com\/pt\/wp-json\/wp\/v2\/product\/1064056\/revisions"}],"wp:featuredmedia":[{"embeddable":true,"href":"https:\/\/soundfingers.com\/pt\/wp-json\/wp\/v2\/media\/9003241321310060"}],"wp:attachment":[{"href":"https:\/\/soundfingers.com\/pt\/wp-json\/wp\/v2\/media?parent=1064056"}],"wp:term":[{"taxonomy":"product_brand","embeddable":true,"href":"https:\/\/soundfingers.com\/pt\/wp-json\/wp\/v2\/product_brand?post=1064056"},{"taxonomy":"product_cat","embeddable":true,"href":"https:\/\/soundfingers.com\/pt\/wp-json\/wp\/v2\/product_cat?post=1064056"},{"taxonomy":"product_tag","embeddable":true,"href":"https:\/\/soundfingers.com\/pt\/wp-json\/wp\/v2\/product_tag?post=1064056"}],"curies":[{"name":"wp","href":"https:\/\/api.w.org\/{rel}","templated":true}]}}