{"id":9003241321309132,"date":"2024-04-06T08:22:13","date_gmt":"2024-04-06T06:22:13","guid":{"rendered":"https:\/\/soundfingers.com\/?page_id=9003241321309132"},"modified":"2025-03-08T13:14:39","modified_gmt":"2025-03-08T12:14:39","slug":"inscrever-se","status":"publish","type":"page","link":"https:\/\/soundfingers.com\/pt\/sign-up\/","title":{"rendered":"Inscrever-se"},"content":{"rendered":"Direitos de autor \u00a9 {echo:date('Y')} - SoundFingers\n\n<p><a class=\"legal-link\" href=\"https:\/\/soundfingers.com\/pt\/documento-legal\/terms-conditions\/\">Termos e condi\u00e7\u00f5es <\/a><a class=\"legal-link\" href=\"https:\/\/soundfingers.com\/pt\/eula\/\">EULA<\/a> <a class=\"legal-link\" href=\"https:\/\/soundfingers.com\/pt\/documento-legal\/privacy-statement-eu\/\">Declara\u00e7\u00e3o de privacidade<\/a> <a class=\"legal-link\" href=\"https:\/\/soundfingers.com\/pt\/documento-legal\/politica-de-cookies\/\">Pol\u00edtica de cookies<\/a><\/p>\n\n\n\n<h1 class=\"wp-block-heading\">Criar a sua conta<\/h1>\n\n<p>J\u00e1 tem uma conta? Por favor <a href=\"https:\/\/soundfingers.com\/pt\/login\/\">Iniciar sess\u00e3o<\/a>.<\/p>","protected":false},"excerpt":{"rendered":"<p>Direitos de autor \u00a9 {echo:date('Y')} - SoundFingers Termos e condi\u00e7\u00f5es EULA Declara\u00e7\u00e3o de privacidade Pol\u00edtica de cookies Criar a sua conta J\u00e1 tem uma conta? Por favor, inicie sess\u00e3o.<\/p>","protected":false},"author":1,"featured_media":0,"parent":0,"menu_order":0,"comment_status":"closed","ping_status":"closed","template":"","meta":{"_acf_changed":false,"_seopress_robots_primary_cat":"","_seopress_titles_title":"","_seopress_titles_desc":"","_seopress_robots_index":"","iawp_total_views":0,"footnotes":""},"class_list":["post-9003241321309132","page","type-page","status-publish","hentry"],"acf":[],"_links":{"self":[{"href":"https:\/\/soundfingers.com\/pt\/wp-json\/wp\/v2\/pages\/9003241321309132","targetHints":{"allow":["GET"]}}],"collection":[{"href":"https:\/\/soundfingers.com\/pt\/wp-json\/wp\/v2\/pages"}],"about":[{"href":"https:\/\/soundfingers.com\/pt\/wp-json\/wp\/v2\/types\/page"}],"author":[{"embeddable":true,"href":"https:\/\/soundfingers.com\/pt\/wp-json\/wp\/v2\/users\/1"}],"replies":[{"embeddable":true,"href":"https:\/\/soundfingers.com\/pt\/wp-json\/wp\/v2\/comments?post=9003241321309132"}],"version-history":[{"count":0,"href":"https:\/\/soundfingers.com\/pt\/wp-json\/wp\/v2\/pages\/9003241321309132\/revisions"}],"wp:attachment":[{"href":"https:\/\/soundfingers.com\/pt\/wp-json\/wp\/v2\/media?parent=9003241321309132"}],"curies":[{"name":"wp","href":"https:\/\/api.w.org\/{rel}","templated":true}]}}