{"id":9003241321306192,"date":"2024-02-22T09:41:35","date_gmt":"2024-02-22T08:41:35","guid":{"rendered":"https:\/\/soundfingers.com\/?page_id=9003241321306192"},"modified":"2026-03-22T08:23:25","modified_gmt":"2026-03-22T07:23:25","slug":"soundfingers-plug-into-the-roots","status":"publish","type":"page","link":"https:\/\/soundfingers.com\/pt\/","title":{"rendered":"SoundFingers - Ligue-se \u00e0s ra\u00edzes"},"content":{"rendered":"{acf_punchline}\n\n<h3 class=\"wp-block-heading\">Full Bundle<\/h3>\n\nCompre-os todos e obtenha um desconto.\n\n<h2 class=\"wp-block-heading\">Plugins Reggae Dub em destaque<\/h2>\n\n<p><strong>Pare de utilizar ferramentas inadequadas para as suas produ\u00e7\u00f5es!<\/strong><\/p>\n<ul>\n<li class=\"translation-block\">Obtenha o som aut\u00eantico do <span style=\"color: #41a166\">Reggae <\/span>e<span style=\"color: #fcc35a\"> Dub <\/span><\/li>\n<li class=\"translation-block\">Utilizar instrumentos especialmente concebidos para <span style=\"color: #cf6868\">m\u00fasica Roots<\/span><\/li>\n<li>Desfrute de predefini\u00e7\u00f5es prontas a utilizar<\/li>\n<li>Para grooves da velha escola \u00e0 moderna<\/li>\n<\/ul>\n\n{acf_card_text}\n\n<div class=\"wp-block-buttons is-layout-flex wp-block-buttons-is-layout-flex\"><div class=\"wp-block-button\"><a class=\"wp-block-button__link\">Descarregar<\/a><\/div><\/div>\n\nGr\u00e1tis\n\n<h2 class=\"wp-block-heading\">O que h\u00e1 de novo?<\/h2>\n\n<p><span style=\"color: #fcc35a; font-weight: bold;\">169\u20ac<\/span><\/p>\n\n\u00daltimas not\u00edcias e actualiza\u00e7\u00f5es\n\nDescubra os \u00faltimos lan\u00e7amentos de produtos, actualiza\u00e7\u00f5es da comunidade e artigos de especialistas.\n\n\n\n<h3 class=\"wp-block-heading\">{post_title}<\/h3>\n\n{post_terms_category}\n\n{post_excerpt}\n\n<h3 class=\"wp-block-heading\">{post_title}<\/h3>\n\n({acf_testimonials_count})\n\n<figure class=\"wp-block-image size-medium\"><img data-dominant-color=\"423f39\" data-has-transparency=\"true\" style=\"--dominant-color: #423f39;\" alt loading=\"lazy\" decoding=\"async\" width=\"600\" height=\"434\" sizes=\"auto, (max-width: 600px) 100vw, 600px\" src=\"https:\/\/soundfingers.com\/wp-content\/uploads\/2025\/05\/Bundle-Front-UI-Group-Latest-Drumz-600x434.webp\" class =\"wp-image-9003241321316497 has-transparency\" srcset=\"https:\/\/soundfingers.com\/wp-content\/uploads\/2025\/05\/Bundle-Front-UI-Group-Latest-Drumz-600x434.webp 600w, https:\/\/soundfingers.com\/wp-content\/uploads\/2025\/05\/Bundle-Front-UI-Group-Latest-Drumz-768x555.webp 768w, https:\/\/soundfingers.com\/wp-content\/uploads\/2025\/05\/Bundle-Front-UI-Group-Latest-Drumz-18x12.webp 18w, https:\/\/soundfingers.com\/wp-content\/uploads\/2025\/05\/Bundle-Front-UI-Group-Latest-Drumz.webp 800w\" \/><\/figure>\n\n<h3 class=\"wp-block-heading\">{post_title}<\/h3>\n\n{acf_punchline} (Inicie sess\u00e3o para ver a sua oferta personalizada) 30% DESCONTO Pre\u00e7o normal\n\n<h3 class=\"wp-block-heading\">Full Bundle<\/h3>\n\nCompre-os todos e obtenha um desconto de 20%.\n\nCompre todos e obtenha um desconto.\n\n\n\n<figure class=\"wp-block-image size-medium\"><img data-dominant-color=\"423f39\" data-has-transparency=\"true\" style=\"--dominant-color: #423f39;\" alt loading=\"lazy\" decoding=\"async\" width=\"600\" height=\"434\" sizes=\"auto, (max-width: 600px) 100vw, 600px\" src=\"https:\/\/soundfingers.com\/wp-content\/uploads\/2025\/05\/Bundle-Front-UI-Group-Latest-Drumz-600x434.webp\" class =\"wp-image-9003241321316497 has-transparency\" srcset=\"https:\/\/soundfingers.com\/wp-content\/uploads\/2025\/05\/Bundle-Front-UI-Group-Latest-Drumz-600x434.webp 600w, https:\/\/soundfingers.com\/wp-content\/uploads\/2025\/05\/Bundle-Front-UI-Group-Latest-Drumz-768x555.webp 768w, https:\/\/soundfingers.com\/wp-content\/uploads\/2025\/05\/Bundle-Front-UI-Group-Latest-Drumz-18x12.webp 18w, https:\/\/soundfingers.com\/wp-content\/uploads\/2025\/05\/Bundle-Front-UI-Group-Latest-Drumz.webp 800w\" \/><\/figure>\n\n<figure class=\"wp-block-image size-full\"><img data-dominant-color=\"57372c\" data-has-transparency=\"false\" style=\"--dominant-color: #57372c;\" alt loading=\"lazy\" decoding=\"async\" width=\"1600\" height=\"637\" sizes=\"auto, (max-width: 1600px) 100vw, 1600px\" src=\"https:\/\/soundfingers.com\/wp-content\/uploads\/2025\/03\/Dub-Producer-1.3.webp\" class =\"wp-image-9003241321315358 not-transparent\" srcset=\"https:\/\/soundfingers.com\/wp-content\/uploads\/2025\/03\/Dub-Producer-1.3.webp 1600w, https:\/\/soundfingers.com\/wp-content\/uploads\/2025\/03\/Dub-Producer-1.3-600x239.webp 600w, https:\/\/soundfingers.com\/wp-content\/uploads\/2025\/03\/Dub-Producer-1.3-768x306.webp 768w, https:\/\/soundfingers.com\/wp-content\/uploads\/2025\/03\/Dub-Producer-1.3-1536x612.webp 1536w, https:\/\/soundfingers.com\/wp-content\/uploads\/2025\/03\/Dub-Producer-1.3-18x7.webp 18w\" \/><\/figure>\n\n<h1 class=\"wp-block-heading translation-block\">Plug-ins de \u00e1udio<br>Para<br><span style=\"color: #7DBD96\">Reggae<\/span> <span style=\"color: #fcc35a\">&amp;<\/span> <span style=\"color: #ff575d\">Dub<br><\/span>M\u00fasica<\/h1>\n\nMais de 2500 produtores de todos os n\u00edveis - de iniciantes a profissionais - usam os plugins SoundFingers'. Expanda a sua paleta de sons, optimize o seu fluxo de trabalho e obtenha o som aut\u00eantico do Reggae Dub.\n\n<div class=\"wp-block-buttons is-layout-flex wp-block-buttons-is-layout-flex\"><div class=\"wp-block-button\"><a class=\"wp-block-button__link\">Descubra os nossos plug-ins<\/a><\/div><\/div>\n\n<figure class=\"wp-block-image size-full\"><img data-dominant-color=\"5f5959\" data-has-transparency=\"true\" style=\"--dominant-color: #5f5959;\" alt loading=\"lazy\" decoding=\"async\" width=\"150\" height=\"50\" sizes=\"auto, (max-width: 150px) 100vw, 150px\" src=\"https:\/\/soundfingers.com\/wp-content\/uploads\/2025\/03\/Users-Group-v1.1.webp\" class =\"wp-image-9003241321315369 has-transparency\" srcset=\"https:\/\/soundfingers.com\/wp-content\/uploads\/2025\/03\/Users-Group-v1.1.webp 150w, https:\/\/soundfingers.com\/wp-content\/uploads\/2025\/03\/Users-Group-v1.1-18x6.webp 18w\" \/><\/figure>\n\nPre\u00e7o normal :<del>250\u20ac<\/del>\n\n<p><span style=\"color: #fcc35a; font-weight: bold;\">A sua oferta personalizada:<\/span><\/p>\n\n    <div class=\"bundle-offer-component\">\n        <p class=\"bundle-login-prompt\">J\u00e1 tem alguns plugins? <a href=\"https:\/\/soundfingers.com\/wp-login.php?redirect_to=https%3A%2F%2Fsoundfingers.com%2Fpt%2F\">Iniciar sess\u00e3o<\/a> para um desconto exclusivo!<\/p>        <p class=\"bundle-original-price\">\n            Pre\u00e7o normal do pacote: <span class=\"price\"><del>\u20ac250<\/del><\/span>\n        <\/p>\n        <p class=\"bundle-offer-price\">\n            O seu pre\u00e7o: <span class=\"price\"><strong>\u20ac215<\/strong><\/span>\n        <\/p>\n        <p class=\"bundle-bottom-note\">\n            (O desconto ser\u00e1 aplicado na p\u00e1gina de checkout)\n        <\/p>\n                    <button class=\"bundle-add-to-cart-btn\" \n                    data-plugins=\"9003241321310920,9003241321310329,1064056,894157,692309\"\n                    data-discount-type=\"new\">\n                Adicionar pacote ao carrinho            <\/button>\n            <\/div>\n    \n    <script>\n    jQuery(document).ready(function($) {\n        $('.bundle-add-to-cart-btn').on('click', function() {\n            var plugins = $(this).data('plugins').toString().split(',');\n            var discountType = $(this).data('discount-type');\n            \n            $.ajax({\n                url: 'https:\/\/soundfingers.com\/wp-admin\/admin-ajax.php',\n                type: 'POST',\n                data: {\n                    action: 'add_bundle_to_cart',\n                    plugins: plugins,\n                    discount_type: discountType,\n                    nonce: 'ed42923f75'\n                },\n                success: function(response) {\n                    if (response.success) {\n                        window.location.href = 'https:\/\/soundfingers.com\/pt\/checkout\/';\n                    } else {\n                        alert('Error adding bundle to cart: ' + response.data);\n                    }\n                }\n            });\n        });\n    });\n    <\/script>\n    \n\n\n<div class=\"wp-block-buttons is-layout-flex wp-block-buttons-is-layout-flex\"><div class=\"wp-block-button\"><a class=\"wp-block-button__link\">Obter o pacote completo<\/a><\/div><\/div>\n\nNew Year&#8217;s Sale\n\n20% Off on all plugins\n\n<div class=\"wp-block-buttons is-layout-flex wp-block-buttons-is-layout-flex\"><div class=\"wp-block-button\"><a class=\"wp-block-button__link\">COMPRAR AGORA<\/a><\/div><\/div>\n\n<div class=\"wp-block-buttons is-layout-flex wp-block-buttons-is-layout-flex\"><div class=\"wp-block-button\"><a class=\"wp-block-button__link\">COMPRAR AGORA<\/a><\/div><\/div>\n\nNew Year&#8217;s Sale\n\n20% Off on all plugins","protected":false},"excerpt":{"rendered":"<p>{acf_punchline} Full Bundle Buy them all and get a discount. Featured Reggae Dub Plugins Stop Using Inappropriate Tools for Your Productions! Get the Authentic Reggae and Dub Sound Use Instruments Especially Designed for Roots Music Enjoy Ready-to-Use Presets For Old-School to Modern Grooves {acf_card_text} Free What&#8217;s New ? 169\u20ac Latest News &#038; Updates Discover the [&hellip;]<\/p>\n","protected":false},"author":1,"featured_media":0,"parent":0,"menu_order":0,"comment_status":"closed","ping_status":"closed","template":"","meta":{"_acf_changed":false,"_seopress_robots_primary_cat":"","_seopress_titles_title":"SoundFingers %%sep%% Audio Plugins for Reggae & Dub Music","_seopress_titles_desc":"SoundFingers creates unique audio plugins for Reggae & Dub music. Expand your sound palette, and get the authentic roots sound.","_seopress_robots_index":"","iawp_total_views":0,"footnotes":""},"class_list":["post-9003241321306192","page","type-page","status-publish","hentry"],"acf":[],"_links":{"self":[{"href":"https:\/\/soundfingers.com\/pt\/wp-json\/wp\/v2\/pages\/9003241321306192","targetHints":{"allow":["GET"]}}],"collection":[{"href":"https:\/\/soundfingers.com\/pt\/wp-json\/wp\/v2\/pages"}],"about":[{"href":"https:\/\/soundfingers.com\/pt\/wp-json\/wp\/v2\/types\/page"}],"author":[{"embeddable":true,"href":"https:\/\/soundfingers.com\/pt\/wp-json\/wp\/v2\/users\/1"}],"replies":[{"embeddable":true,"href":"https:\/\/soundfingers.com\/pt\/wp-json\/wp\/v2\/comments?post=9003241321306192"}],"version-history":[{"count":40,"href":"https:\/\/soundfingers.com\/pt\/wp-json\/wp\/v2\/pages\/9003241321306192\/revisions"}],"predecessor-version":[{"id":9003241321318674,"href":"https:\/\/soundfingers.com\/pt\/wp-json\/wp\/v2\/pages\/9003241321306192\/revisions\/9003241321318674"}],"wp:attachment":[{"href":"https:\/\/soundfingers.com\/pt\/wp-json\/wp\/v2\/media?parent=9003241321306192"}],"curies":[{"name":"wp","href":"https:\/\/api.w.org\/{rel}","templated":true}]}}