{"id":9003241321305714,"date":"2024-02-12T23:36:11","date_gmt":"2024-02-12T22:36:11","guid":{"rendered":"https:\/\/soundfingers.com\/?page_id=9003241321305714"},"modified":"2024-04-15T01:19:25","modified_gmt":"2024-04-14T23:19:25","slug":"login","status":"publish","type":"page","link":"https:\/\/soundfingers.com\/pt\/login\/","title":{"rendered":"Iniciar sess\u00e3o"},"content":{"rendered":"Direitos de autor \u00a9 {echo:date('Y')} - SoundFingers\n\n<p><a class=\"legal-link\" href=\"https:\/\/soundfingers.com\/pt\/documento-legal\/terms-conditions\/\">Termos e condi\u00e7\u00f5es <\/a><a class=\"legal-link\" href=\"https:\/\/soundfingers.com\/pt\/eula\/\">EULA<\/a> <a class=\"legal-link\" href=\"https:\/\/soundfingers.com\/pt\/documento-legal\/privacy-statement-eu\/\">Declara\u00e7\u00e3o de privacidade<\/a> <a class=\"legal-link\" href=\"https:\/\/soundfingers.com\/pt\/documento-legal\/politica-de-cookies\/\">Pol\u00edtica de cookies<\/a><\/p>\n\n\n\n<h1 class=\"wp-block-heading\">Iniciar sess\u00e3o<\/h1>\n\nJ\u00e1 efectuou o login.<br>Pode visitar a p\u00e1gina da sua conta <a href=\"https:\/\/soundfingers.com\/pt\/a-minha-conta\/\" class=\"underline-link-sf\">aqui<\/a>.\n\n\n\n<p>Esqueceu-se da sua palavra-passe? <a href=\"https:\/\/soundfingers.com\/pt\/palavra-passe-perdida\/\">Repor a sua palavra-passe<\/a>.<\/p>\n<p>Ainda n\u00e3o tem uma conta? <a href=\"https:\/\/soundfingers.com\/pt\/inscrever-se\/\">Registar agora<\/a>.<\/p>\n\nMostrar palavra-passe","protected":false},"excerpt":{"rendered":"<p>Direitos de autor \u00a9 {echo:date('Y')} - SoundFingers Termos e condi\u00e7\u00f5es EULA Declara\u00e7\u00e3o de privacidade Pol\u00edtica de cookies Iniciar sess\u00e3o J\u00e1 iniciou sess\u00e3o. Pode visitar a p\u00e1gina da sua conta aqui. Esqueceu-se da sua palavra-passe? Reponha a sua palavra-passe. Ainda n\u00e3o tem uma conta? Registar agora. Mostrar palavra-passe<\/p>","protected":false},"author":1,"featured_media":0,"parent":0,"menu_order":0,"comment_status":"closed","ping_status":"closed","template":"","meta":{"_acf_changed":false,"_seopress_robots_primary_cat":"","_seopress_titles_title":"","_seopress_titles_desc":"","_seopress_robots_index":"","iawp_total_views":0,"footnotes":""},"class_list":["post-9003241321305714","page","type-page","status-publish","hentry"],"acf":[],"_links":{"self":[{"href":"https:\/\/soundfingers.com\/pt\/wp-json\/wp\/v2\/pages\/9003241321305714","targetHints":{"allow":["GET"]}}],"collection":[{"href":"https:\/\/soundfingers.com\/pt\/wp-json\/wp\/v2\/pages"}],"about":[{"href":"https:\/\/soundfingers.com\/pt\/wp-json\/wp\/v2\/types\/page"}],"author":[{"embeddable":true,"href":"https:\/\/soundfingers.com\/pt\/wp-json\/wp\/v2\/users\/1"}],"replies":[{"embeddable":true,"href":"https:\/\/soundfingers.com\/pt\/wp-json\/wp\/v2\/comments?post=9003241321305714"}],"version-history":[{"count":0,"href":"https:\/\/soundfingers.com\/pt\/wp-json\/wp\/v2\/pages\/9003241321305714\/revisions"}],"wp:attachment":[{"href":"https:\/\/soundfingers.com\/pt\/wp-json\/wp\/v2\/media?parent=9003241321305714"}],"curies":[{"name":"wp","href":"https:\/\/api.w.org\/{rel}","templated":true}]}}