{"id":9003241321305712,"date":"2024-02-12T23:33:57","date_gmt":"2024-02-12T22:33:57","guid":{"rendered":"https:\/\/soundfingers.com\/?page_id=9003241321305712"},"modified":"2025-03-26T17:09:58","modified_gmt":"2025-03-26T16:09:58","slug":"palavra-passe-perdida","status":"publish","type":"page","link":"https:\/\/soundfingers.com\/pt\/password-lost\/","title":{"rendered":"Palavra-passe perdida"},"content":{"rendered":"<h2 class=\"wp-block-heading\">Perdeu a sua palavra-passe?<\/h2>\n\nIntroduza o endere\u00e7o de correio eletr\u00f3nico da sua conta. Receber\u00e1 uma liga\u00e7\u00e3o para criar uma nova palavra-passe por correio eletr\u00f3nico.\n\nDireitos de autor \u00a9 {echo:date('Y')} - SoundFingers\n\n<p><a class=\"legal-link\" href=\"https:\/\/soundfingers.com\/pt\/documento-legal\/terms-conditions\/\">Termos e condi\u00e7\u00f5es <\/a><a class=\"legal-link\" href=\"https:\/\/soundfingers.com\/pt\/eula\/\">EULA<\/a> <a class=\"legal-link\" href=\"https:\/\/soundfingers.com\/pt\/documento-legal\/privacy-statement-eu\/\">Declara\u00e7\u00e3o de privacidade<\/a> <a class=\"legal-link\" href=\"https:\/\/soundfingers.com\/pt\/documento-legal\/politica-de-cookies\/\">Pol\u00edtica de cookies<\/a><\/p>","protected":false},"excerpt":{"rendered":"<p>Perdeu a sua palavra-passe? Introduza o endere\u00e7o de correio eletr\u00f3nico da sua conta. Receber\u00e1 uma liga\u00e7\u00e3o para criar uma nova palavra-passe por correio eletr\u00f3nico. Copyright \u00a9 {echo:date('Y')} - SoundFingers Termos e condi\u00e7\u00f5es EULA Declara\u00e7\u00e3o de privacidade Pol\u00edtica de cookies<\/p>","protected":false},"author":1,"featured_media":0,"parent":0,"menu_order":0,"comment_status":"closed","ping_status":"closed","template":"","meta":{"_acf_changed":false,"_seopress_robots_primary_cat":"","_seopress_titles_title":"","_seopress_titles_desc":"","_seopress_robots_index":"yes","iawp_total_views":0,"footnotes":""},"class_list":["post-9003241321305712","page","type-page","status-publish","hentry"],"acf":[],"_links":{"self":[{"href":"https:\/\/soundfingers.com\/pt\/wp-json\/wp\/v2\/pages\/9003241321305712","targetHints":{"allow":["GET"]}}],"collection":[{"href":"https:\/\/soundfingers.com\/pt\/wp-json\/wp\/v2\/pages"}],"about":[{"href":"https:\/\/soundfingers.com\/pt\/wp-json\/wp\/v2\/types\/page"}],"author":[{"embeddable":true,"href":"https:\/\/soundfingers.com\/pt\/wp-json\/wp\/v2\/users\/1"}],"replies":[{"embeddable":true,"href":"https:\/\/soundfingers.com\/pt\/wp-json\/wp\/v2\/comments?post=9003241321305712"}],"version-history":[{"count":0,"href":"https:\/\/soundfingers.com\/pt\/wp-json\/wp\/v2\/pages\/9003241321305712\/revisions"}],"wp:attachment":[{"href":"https:\/\/soundfingers.com\/pt\/wp-json\/wp\/v2\/media?parent=9003241321305712"}],"curies":[{"name":"wp","href":"https:\/\/api.w.org\/{rel}","templated":true}]}}