{"id":9003241321304124,"date":"2023-12-17T11:00:56","date_gmt":"2023-12-17T10:00:56","guid":{"rendered":"https:\/\/soundfingers.com\/?page_id=9003241321304124"},"modified":"2026-03-08T10:31:58","modified_gmt":"2026-03-08T09:31:58","slug":"comunidade","status":"publish","type":"page","link":"https:\/\/soundfingers.com\/pt\/community\/","title":{"rendered":"Comunidade"},"content":{"rendered":"<h1 class=\"wp-block-heading\">Comunidade<\/h1>\n\n<h3 class=\"wp-block-heading\">F\u00f3rum<\/h3>\n\nThe forum is currently closed.<br>A discord channel will be available soon.\n\nTalk, Share and Discuss\n\nArticles, Tutorials, and more\n\n<h3 class=\"wp-block-heading\">Blogue<\/h3>\n\nMantenha-se a par das \u00faltimas actualiza\u00e7\u00f5es do nosso blogue. Encontre tutoriais, descarregue plugins exclusivos e dicas e truques sobre produ\u00e7\u00e3o musical e design de som.\n\n<h2 class=\"wp-block-heading\">\u00daltimas not\u00edcias<\/h2>\n\n\n\n<h3 class=\"wp-block-heading\">{post_title}<\/h3>\n\n(post_content)\n\nNewsletter\n\n<figure class=\"wp-block-image size-full\"><a ><img alt decoding=\"async\" src=\"https:\/\/staging.soundfingers.com\/wp-content\/uploads\/2023\/06\/LogoTitle-m.png\" class =\"wp-image-589\"><\/a><\/figure>\n\n<h4 class=\"wp-block-heading\">Liga\u00e7\u00f5es sociais<\/h4>\n\nVisite o SoundFingers nas redes sociais e aceda a conte\u00fados exclusivos.\n\n<h2 class=\"wp-block-heading\">Junte-se a n\u00f3s!<\/h2>\n\n<div class=\"wp-block-buttons is-layout-flex wp-block-buttons-is-layout-flex\"><div class=\"wp-block-button\"><a class=\"wp-block-button__link\">Visitar o blogue<\/a><\/div><\/div>\n\n<div class=\"wp-block-buttons is-layout-flex wp-block-buttons-is-layout-flex\"><div class=\"wp-block-button\"><a class=\"wp-block-button__link\">Discord coming Up&#8230;<\/a><\/div><\/div>\n\nLer mais...","protected":false},"excerpt":{"rendered":"<p>Community Forum The forum is currently closed.A discord channel will be available soon. Talk, Share and Discuss Articles, Tutorials, and more Blog Stay in the loop with our latest blog updates. Find tutorials, download exclusive plugins, and tips &#038; tricks on music production and sound design. Latest News {post_title} (post_content) Newsletter Social Links Visit SoundFingers [&hellip;]<\/p>\n","protected":false},"author":1,"featured_media":0,"parent":0,"menu_order":0,"comment_status":"closed","ping_status":"closed","template":"","meta":{"_acf_changed":false,"_seopress_robots_primary_cat":"","_seopress_titles_title":"","_seopress_titles_desc":"","_seopress_robots_index":"","iawp_total_views":0,"footnotes":""},"class_list":["post-9003241321304124","page","type-page","status-publish","hentry"],"acf":[],"_links":{"self":[{"href":"https:\/\/soundfingers.com\/pt\/wp-json\/wp\/v2\/pages\/9003241321304124","targetHints":{"allow":["GET"]}}],"collection":[{"href":"https:\/\/soundfingers.com\/pt\/wp-json\/wp\/v2\/pages"}],"about":[{"href":"https:\/\/soundfingers.com\/pt\/wp-json\/wp\/v2\/types\/page"}],"author":[{"embeddable":true,"href":"https:\/\/soundfingers.com\/pt\/wp-json\/wp\/v2\/users\/1"}],"replies":[{"embeddable":true,"href":"https:\/\/soundfingers.com\/pt\/wp-json\/wp\/v2\/comments?post=9003241321304124"}],"version-history":[{"count":2,"href":"https:\/\/soundfingers.com\/pt\/wp-json\/wp\/v2\/pages\/9003241321304124\/revisions"}],"predecessor-version":[{"id":9003241321318628,"href":"https:\/\/soundfingers.com\/pt\/wp-json\/wp\/v2\/pages\/9003241321304124\/revisions\/9003241321318628"}],"wp:attachment":[{"href":"https:\/\/soundfingers.com\/pt\/wp-json\/wp\/v2\/media?parent=9003241321304124"}],"curies":[{"name":"wp","href":"https:\/\/api.w.org\/{rel}","templated":true}]}}