{"id":9003241321002093,"date":"2023-06-30T00:13:54","date_gmt":"2023-06-29T22:13:54","guid":{"rendered":"https:\/\/dev.soundfingers.com\/?page_id=1067525"},"modified":"2024-03-21T15:47:10","modified_gmt":"2024-03-21T14:47:10","slug":"eula","status":"publish","type":"page","link":"https:\/\/soundfingers.com\/pt\/eula\/","title":{"rendered":"EULA"},"content":{"rendered":"<h2 class=\"wp-block-heading\">1. Generalidades<\/h2>\n\n<h2 class=\"wp-block-heading\">2. \u00c2mbito de utiliza\u00e7\u00e3o<\/h2>\n\n1.1 - O seguinte Acordo de Licen\u00e7a de Utilizador Final (\"EULA\") representa as condi\u00e7\u00f5es contratuais entre o Utilizador (\"Licenciado\") e a SoundFingers, 17 rue de Saint Di\u00e9, 67100 STRASBOURG, Fran\u00e7a (\"SoundFingers\") para a utiliza\u00e7\u00e3o de software, incluindo suportes relacionados, documenta\u00e7\u00e3o (por exemplo, descri\u00e7\u00f5es de programas, manuais) e outros documentos e materiais fabricados pela SoundFingers (\"Produto(s)\").\n\n1.2 - Ao instalar e registar o software no seu computador, o utilizador declara-se de acordo com estas condi\u00e7\u00f5es. Caso n\u00e3o concorde com as presentes condi\u00e7\u00f5es, o utilizador n\u00e3o dever\u00e1 instalar o software.\n\n2.1 - Os Produtos do SoundFingers s\u00e3o protegidos por lei. A propriedade intelectual dos Produtos permanece em SoundFingers. O Licenciado adquire apenas o direito de usar o Produto na seguinte extens\u00e3o. Qualquer outro uso ou explora\u00e7\u00e3o n\u00e3o explicitamente concedido ao Licenciado neste EULA n\u00e3o ser\u00e1 permitido sem o consentimento por escrito do SoundFingers. Especificamente, o Licenciado n\u00e3o tem o direito de copiar ou ter copiado, descompilar ou ter descompilado, fazer engenharia reversa ou ter engenharia reversa do Produto ou partes dele. O Licenciado deve garantir, atrav\u00e9s de medidas apropriadas e razo\u00e1veis, que terceiros, incluindo seus pr\u00f3prios funcion\u00e1rios, n\u00e3o possam fazer uso n\u00e3o autorizado do Produto. O Licenciado ser\u00e1 respons\u00e1vel perante a SoundFingers por qualquer perda ou dano neste contexto.\n\n2.2 - SoundFingers concede ao Licenciado o direito n\u00e3o exclusivo, sem restri\u00e7\u00f5es de tempo ou local, de usar os Produtos. O SoundFingers n\u00e3o \u00e9 obrigado a ceder o c\u00f3digo-fonte subjacente do software, incluindo a documenta\u00e7\u00e3o de desenvolvimento associada.\n\n2.3 - O Licenciado pode instalar e usar pessoalmente o software licenciado em tr\u00eas dispositivos (por exemplo, um computador, um laptop, uma esta\u00e7\u00e3o de trabalho), desde que o referido software seja usado apenas em um dispositivo regularmente. N\u00e3o \u00e9 permitida a utiliza\u00e7\u00e3o simult\u00e2nea em mais do que um dispositivo de hardware. Os Produtos n\u00e3o podem ser utilizados numa rede por v\u00e1rios utilizadores, a menos que cada utilizador possua uma licen\u00e7a. No caso de o Licenciado alterar o hardware, todo o software no hardware utilizado deve ser eliminado.\n\n2.4 - O Licenciado pode copiar o software licenciado, se tal reprodu\u00e7\u00e3o for necess\u00e1ria para a utiliza\u00e7\u00e3o contratualmente acordada. O Licenciado est\u00e1 autorizado a criar uma c\u00f3pia de seguran\u00e7a, se tal for necess\u00e1rio para garantir a utiliza\u00e7\u00e3o futura.\n\n2.5 - O Licenciado n\u00e3o est\u00e1 autorizado a modificar o software, exceto se for para preservar ou restaurar as fun\u00e7\u00f5es acordadas do software adquirido.\n\n2.7 - No caso de uma biblioteca de sons fazer parte do Produto adquirido, aplicar-se-\u00e1, para al\u00e9m do EULA, o seguinte Acordo de Licen\u00e7a de Som:<br><br>As amostras, instrumentos e predefini\u00e7\u00f5es fornecidos podem ser utilizados para produ\u00e7\u00f5es musicais e \u00e1udio comerciais ou n\u00e3o comerciais sem a autoriza\u00e7\u00e3o pr\u00e9via da SoundFingers ao abrigo dos termos deste Acordo de Licen\u00e7a de Som. O uso deste Produto (em particular amostras, instrumentos e predefini\u00e7\u00f5es) para a cria\u00e7\u00e3o de uma biblioteca de sons ou como uma biblioteca de sons para qualquer tipo de sintetizador, instrumento virtual, biblioteca de amostras, produto baseado em amostras ou outro instrumento musical \u00e9 estritamente proibido. As amostras individuais, conjuntos de sons ou loops de \u00e1udio n\u00e3o podem ser distribu\u00eddos (comercialmente ou de outra forma) de forma aut\u00f3noma. Al\u00e9m disso, estas amostras, conjuntos de sons ou \u00e1udio n\u00e3o podem ser reembalados, no todo ou em parte, como amostras de \u00e1udio, bibliotecas de sons ou efeitos sonoros.\n\n2.6 - Terceiros\n\na) \u00c9 expressamente proibido alugar ou emprestar o Software licenciado a terceiros.\n\nb) Salvo indica\u00e7\u00e3o em contr\u00e1rio no presente EULA, o Licenciado pode revender o software a terceiros ou transferir o software permanentemente de forma gratuita, desde que o terceiro concorde por escrito com o presente EULA e o Licenciado cesse toda a utiliza\u00e7\u00e3o do software, remova completamente todas as c\u00f3pias instaladas do software do seu computador e - se o software n\u00e3o tiver sido adquirido atrav\u00e9s de download - elimine ou transfira o armazenamento de dados original para o terceiro (se o Licenciado n\u00e3o for obrigado a um armazenamento mais longo por lei).\n\na) Os pacotes (pacotes de produtos compostos por hardware e software ou pacotes apenas de software) s\u00f3 podem ser revendidos\/transferidos como um todo. Os componentes individuais de um pacote n\u00e3o podem ser revendidos\/transferidos separadamente.\n\nb) Quaisquer produtos do SoundFingers rotulados ou de outra forma fornecidos como \"Vers\u00f5es de Demonstra\u00e7\u00e3o\" devem ser usados apenas para fins de demonstra\u00e7\u00e3o, teste e avalia\u00e7\u00e3o. As vers\u00f5es de demonstra\u00e7\u00e3o n\u00e3o devem ser usadas para fins comerciais e n\u00e3o devem ser revendidas ou transferidas.\n\n2.8 - Al\u00e9m disso, para determinados produtos do SoundFingers, aplicar-se-\u00e1 o seguinte:\n\n<h2 class=\"wp-block-heading\">3. Deveres de prote\u00e7\u00e3o<\/h2>\n\nOs avisos de direitos de autor e outras caracter\u00edsticas de identifica\u00e7\u00e3o dos Produtos n\u00e3o podem ser removidos do software nem alterados de forma alguma.\n\n<h2 class=\"wp-block-heading\">4. Garantia, responsabilidade jur\u00eddica, indemniza\u00e7\u00f5es<\/h2>\n\nOs avisos de direitos de autor e outras caracter\u00edsticas de identifica\u00e7\u00e3o dos Produtos n\u00e3o podem ser removidos do software nem alterados de forma alguma.\n\n<p>No que respeita a qualquer garantia, responsabilidade e\/ou reclama\u00e7\u00e3o de danos, o <a href=\"https:\/\/dev.soundfingers.com\/legal-document\/terms-conditions\/\" target=\"_blank\" rel=\"noopener\">Termos e condi\u00e7\u00f5es gerais<\/a> do SoundFingers s\u00e3o aplic\u00e1veis.<\/p>\n\n<h2 class=\"wp-block-heading\">5. Disposi\u00e7\u00f5es finais<\/h2>\n\n5.1 - Se qualquer estipula\u00e7\u00e3o deste EULA for ou se tornar inv\u00e1lida, no todo ou em parte, tal n\u00e3o afectar\u00e1 a validade das restantes estipula\u00e7\u00f5es. As partes comprometem-se, em vez disso, a substituir a estipula\u00e7\u00e3o inv\u00e1lida por uma regulamenta\u00e7\u00e3o v\u00e1lida que se aproxime o mais poss\u00edvel do objetivo originalmente pretendido.\n\n5.2 - Na medida em que o Licenciado seja um comerciante na ace\u00e7\u00e3o do C\u00f3digo Comercial Franc\u00eas ou uma pessoa colectiva de direito p\u00fablico ou um fundo especial de direito p\u00fablico, o local de jurisdi\u00e7\u00e3o e o local de execu\u00e7\u00e3o \u00e9 Estrasburgo, Fran\u00e7a. No entanto, SoundFingers reserva-se o direito de processar o Licenciado no local de resid\u00eancia ou local de neg\u00f3cios do Licenciado.\n\nEm caso de d\u00favidas sobre este EULA, por favor escreva para este endere\u00e7o:<br><br>SoundFingers<br><br>17, rue de Saint Di\u00e9<br><br>ESTRASBURGO<br><br>67100<br><br>contact@soundfingers.com\n\n5.3 - O presente EULA est\u00e1 sujeito \u00e0s leis da Rep\u00fablica Francesa, com exclus\u00e3o da Conven\u00e7\u00e3o das Na\u00e7\u00f5es Unidas sobre os Contratos de Compra e Venda Internacional de Mercadorias (CSIG), enquanto que os consumidores que residem regularmente no estrangeiro podem igualmente invocar as leis imperativas aplic\u00e1veis do Estado onde residem. A l\u00edngua contratual \u00e9 o franc\u00eas, desde que nada mais seja acordado por escrito.","protected":false},"excerpt":{"rendered":"<p>1. General 2. Scope of Use 1.1 &#8211; The following End User License Agreement (\u201cEULA\u201d) represents the contractual conditions between you (\u201cLicensee\u201d) and SoundFingers, 17 rue de Saint Di\u00e9, 67100 STRASBOURG, France (\u201cSoundFingers\u201d) for the use of software including related media, documentation (for example program descriptions, manuals) and other documents and materials manufactured by SoundFingers [&hellip;]<\/p>\n","protected":false},"author":1,"featured_media":0,"parent":0,"menu_order":0,"comment_status":"closed","ping_status":"closed","template":"","meta":{"_acf_changed":false,"_seopress_robots_primary_cat":"","_seopress_titles_title":"","_seopress_titles_desc":"","_seopress_robots_index":"","iawp_total_views":0,"footnotes":""},"class_list":["post-9003241321002093","page","type-page","status-publish","hentry"],"acf":[],"_links":{"self":[{"href":"https:\/\/soundfingers.com\/pt\/wp-json\/wp\/v2\/pages\/9003241321002093","targetHints":{"allow":["GET"]}}],"collection":[{"href":"https:\/\/soundfingers.com\/pt\/wp-json\/wp\/v2\/pages"}],"about":[{"href":"https:\/\/soundfingers.com\/pt\/wp-json\/wp\/v2\/types\/page"}],"author":[{"embeddable":true,"href":"https:\/\/soundfingers.com\/pt\/wp-json\/wp\/v2\/users\/1"}],"replies":[{"embeddable":true,"href":"https:\/\/soundfingers.com\/pt\/wp-json\/wp\/v2\/comments?post=9003241321002093"}],"version-history":[{"count":0,"href":"https:\/\/soundfingers.com\/pt\/wp-json\/wp\/v2\/pages\/9003241321002093\/revisions"}],"wp:attachment":[{"href":"https:\/\/soundfingers.com\/pt\/wp-json\/wp\/v2\/media?parent=9003241321002093"}],"curies":[{"name":"wp","href":"https:\/\/api.w.org\/{rel}","templated":true}]}}