{"id":9003241321001961,"date":"2023-06-08T20:27:28","date_gmt":"2023-06-08T18:27:28","guid":{"rendered":"https:\/\/stage.staging.soundfingers.com\/?page_id=554"},"modified":"2024-03-24T13:08:27","modified_gmt":"2024-03-24T12:08:27","slug":"sobre-soundfingers","status":"publish","type":"page","link":"https:\/\/soundfingers.com\/pt\/about-soundfingers\/","title":{"rendered":"Sobre o SoundFingers"},"content":{"rendered":"<h1 class=\"wp-block-heading\">Sobre o SoundFingers<\/h1>\n\n<p>Ol\u00e1! O meu nome \u00e9 Matt.<\/p>\n<p>Sempre gostei de m\u00fasica. Estudei piano durante 8 anos na minha juventude, e mais tarde aprendi a tocar guitarra.<\/p>\n<p>Tentei v\u00e1rias coisas: produzir, misturar, desenhar som, gravar no terreno... Mas a dada altura, pensei que seria interessante criar eu pr\u00f3prio instrumentos virtuais. E senti que era algo em que podia ser bom.<\/p>\n<p>Comecei a aprender a criar, programar e conceber instrumentos Kontakt.<\/p>\n<p>Comecei a criar instrumentos Kontakt em 2018, mas mudei de Kontakt no final de 2021.<\/p>\n<p>Desde ent\u00e3o, estou a utilizar a estrutura HISE, baseada em JUCE, e estou a oferecer agora plugins de \u00e1udio (VST3 \/ AU \/ AAX).<\/p>\n\n<p>A minha ambi\u00e7\u00e3o \u00e9 oferecer os meus pr\u00f3prios produtos, conceber instrumentos novos e originais para inspirar os m\u00fasicos.<\/p>\n<p>O SoundFingers foi criado em 2018. Desde ent\u00e3o, estou constantemente a trabalhar. Sou apenas eu: conceber e programar instrumentos e gerir o meu s\u00edtio Web.<\/p>\n<p class=\"translation-block\">Estou empenhado em criar produtos de qualidade e estou sempre disposto a ouvir o que os visitantes e os clientes t\u00eam a dizer, por isso sinta-se \u00e0 vontade para <a href=\"https:\/\/soundfingers.com\/pt\/contacto\/\" target=\"_self\">contactar<\/a> comigo.<\/p>\n<p>Espero que gostem do que tenho para vos oferecer,<\/p>\n<p>Bem-vindo ao SoundFingers.<\/p>\n\n<figure class=\"wp-block-image size-full\"><img data-dominant-color=\"847054\" data-has-transparency=\"false\" style=\"--dominant-color: #847054;\" decoding=\"async\" sizes=\"(max-width: 800px) 100vw, 800px\" src=\"https:\/\/soundfingers.com\/wp-content\/uploads\/2023\/07\/aboutPictureSquare.jpg\" alt=\"foto de matt da soundfingers com auscultadores em frente a um piano\" class=\"wp-image-9003241321302644 not-transparent\"><\/figure>\n\n<h1 class=\"wp-block-heading\">Informa\u00e7\u00f5es legais<\/h1>\n\n<address>\n<p>SoundFingers<\/p>\n<p>Sede : 1 rue du Cercle, ENTZHEIM - Fran\u00e7a<\/p>\n<p>N.\u00ba do registo comercial de Estrasburgo: 838769024<\/p>\n<p>N.\u00ba APE: 5829C<\/p>\n<p>Representante legal : Sr. Mathieu RAHM<\/p>\n<p><a href=\"https:\/\/soundfingers.com\/pt\/contacto\/\">Contacte-me<\/a><\/p>\n<\/address>\n\n<figure class=\"wp-block-image size-full\"><img data-dominant-color=\"35324d\" data-has-transparency=\"false\" style=\"--dominant-color: #35324d;\" alt decoding=\"async\" sizes=\"(max-width: 1920px) 100vw, 1920px\" src=\"https:\/\/dev.soundfingers.com\/wp-content\/uploads\/2023\/02\/music-producer.jpg\" class =\"wp-image-9003241321005959 not-transparent\"><\/figure>\n\n<p>Voltar a <a href=\"https:\/\/soundfingers.com\/pt\/\">P\u00e1gina inicial<\/a><\/p>","protected":false},"excerpt":{"rendered":"<p>About SoundFingers Hi ! My name is Matt. I\u2019ve always been into music. I studied the piano for 8 years in my young years, and later I learned playing the guitar myself. I tried several things: producing, mixing, sound designing, field recording&#8230; But at some point, I thought it would be interesting to create virtual [&hellip;]<\/p>\n","protected":false},"author":1,"featured_media":0,"parent":0,"menu_order":0,"comment_status":"closed","ping_status":"closed","template":"","meta":{"_acf_changed":false,"_seopress_robots_primary_cat":"","_seopress_titles_title":"","_seopress_titles_desc":"","_seopress_robots_index":"","iawp_total_views":0,"footnotes":""},"class_list":["post-9003241321001961","page","type-page","status-publish","hentry"],"acf":[],"_links":{"self":[{"href":"https:\/\/soundfingers.com\/pt\/wp-json\/wp\/v2\/pages\/9003241321001961","targetHints":{"allow":["GET"]}}],"collection":[{"href":"https:\/\/soundfingers.com\/pt\/wp-json\/wp\/v2\/pages"}],"about":[{"href":"https:\/\/soundfingers.com\/pt\/wp-json\/wp\/v2\/types\/page"}],"author":[{"embeddable":true,"href":"https:\/\/soundfingers.com\/pt\/wp-json\/wp\/v2\/users\/1"}],"replies":[{"embeddable":true,"href":"https:\/\/soundfingers.com\/pt\/wp-json\/wp\/v2\/comments?post=9003241321001961"}],"version-history":[{"count":0,"href":"https:\/\/soundfingers.com\/pt\/wp-json\/wp\/v2\/pages\/9003241321001961\/revisions"}],"wp:attachment":[{"href":"https:\/\/soundfingers.com\/pt\/wp-json\/wp\/v2\/media?parent=9003241321001961"}],"curies":[{"name":"wp","href":"https:\/\/api.w.org\/{rel}","templated":true}]}}