{"id":9003241321001943,"date":"2023-06-05T09:59:20","date_gmt":"2023-06-05T07:59:20","guid":{"rendered":"https:\/\/stage.staging.soundfingers.com\/?page_id=530"},"modified":"2025-12-03T18:46:50","modified_gmt":"2025-12-03T17:46:50","slug":"contacto","status":"publish","type":"page","link":"https:\/\/soundfingers.com\/pt\/contact\/","title":{"rendered":"Contacto"},"content":{"rendered":"<h1 class=\"wp-block-heading\">Contacto<\/h1>\n\n<p>Antes de enviar uma mensagem, consulte primeiro a sec\u00e7\u00e3o <a href=\"https:\/\/dev.soundfingers.com\/support\/\">P\u00e1gina de FAQ<\/a> para obter assist\u00eancia e respostas. \u00c9 prov\u00e1vel que encontre a\u00ed a sua resposta.<\/p>\n<p>Se ainda tiver d\u00favidas ou se estiver a ter problemas, contacte-nos atrav\u00e9s deste formul\u00e1rio. Entraremos em contacto consigo o mais rapidamente poss\u00edvel.<\/p>\n\nSeg. a S\u00e1b. - Das 9h \u00e0s 20h, GMT+1\n\n<p>Voltar a <a href=\"https:\/\/soundfingers.com\/pt\/\">P\u00e1gina inicial<\/a><\/p>\n\nN\u00e3o hesite em contactar-nos se tiver d\u00favidas ou perguntas.\n\nDe momento, estou de f\u00e9rias at\u00e9 3 de agosto. O meu tempo de resposta pode ser mais longo do que o habitual.<br>Obrigado pela vossa paci\u00eancia e compreens\u00e3o.","protected":false},"excerpt":{"rendered":"<p>Contact Before sending a message please refer first to the FAQ page for assistance and answers. You&#8217;ll probably find your answer there. If you still have any questions or you are having trouble then please contact us using this form. I\u2019ll get back to you as soon as possible. Mon. to Sat. \u2013 From 9 [&hellip;]<\/p>\n","protected":false},"author":1,"featured_media":0,"parent":0,"menu_order":0,"comment_status":"closed","ping_status":"closed","template":"","meta":{"_acf_changed":false,"_seopress_robots_primary_cat":"","_seopress_titles_title":"","_seopress_titles_desc":"Didn&#039;f find what you&#039;ve been looking for in our FAQ? Don&#039;t hesitate to contact us anytime if you have any questions.","_seopress_robots_index":"","iawp_total_views":0,"footnotes":""},"class_list":["post-9003241321001943","page","type-page","status-publish","hentry"],"acf":[],"_links":{"self":[{"href":"https:\/\/soundfingers.com\/pt\/wp-json\/wp\/v2\/pages\/9003241321001943","targetHints":{"allow":["GET"]}}],"collection":[{"href":"https:\/\/soundfingers.com\/pt\/wp-json\/wp\/v2\/pages"}],"about":[{"href":"https:\/\/soundfingers.com\/pt\/wp-json\/wp\/v2\/types\/page"}],"author":[{"embeddable":true,"href":"https:\/\/soundfingers.com\/pt\/wp-json\/wp\/v2\/users\/1"}],"replies":[{"embeddable":true,"href":"https:\/\/soundfingers.com\/pt\/wp-json\/wp\/v2\/comments?post=9003241321001943"}],"version-history":[{"count":3,"href":"https:\/\/soundfingers.com\/pt\/wp-json\/wp\/v2\/pages\/9003241321001943\/revisions"}],"predecessor-version":[{"id":9003241321318189,"href":"https:\/\/soundfingers.com\/pt\/wp-json\/wp\/v2\/pages\/9003241321001943\/revisions\/9003241321318189"}],"wp:attachment":[{"href":"https:\/\/soundfingers.com\/pt\/wp-json\/wp\/v2\/media?parent=9003241321001943"}],"curies":[{"name":"wp","href":"https:\/\/api.w.org\/{rel}","templated":true}]}}