{"id":9003241321310329,"date":"2024-08-25T10:20:06","date_gmt":"2024-08-25T08:20:06","guid":{"rendered":"https:\/\/soundfingers.com\/?post_type=product&#038;p=9003241321310329"},"modified":"2025-11-01T07:36:38","modified_gmt":"2025-11-01T06:36:38","slug":"dread-drumz","status":"publish","type":"product","link":"https:\/\/soundfingers.com\/fr\/plugins\/dread-drumz\/","title":{"rendered":"Dread Drumz"},"content":{"rendered":"<h3><strong>Aper\u00e7u du produit :<\/strong><\/h3>\n<p>Dread Drumz red\u00e9finit la fa\u00e7on dont les producteurs et les musiciens cr\u00e9ent des sons de batterie pour roots, le reggae, le dub et au-del\u00e0. Compatible avec les formats VST3, AU et AAX, il s'int\u00e8gre parfaitement \u00e0 n'importe quelle station de travail audionum\u00e9rique. Cr\u00e9ez des grooves de batterie authentiques et puissants pour tous les genres qui exigent des rythmes profonds et r\u00e9sonnants.<\/p>\n<h3><strong>Caract\u00e9ristiques principales :<\/strong><\/h3>\n<p><strong>Massive Drum Sample Library :<\/strong> Acc\u00e9dez aux kits reggae classiques et aux sons de batterie modernes, parfaits pour le dub, le reggaeton, l'\u00e9lectro dub et bien plus encore.<\/p>\n<p><strong>Personnalisation compl\u00e8te du son :<\/strong> M\u00e9langez, modifiez et superposez des \u00e9chantillons de batterie pour cr\u00e9er vos propres kits. Utilisez les racks d'effets int\u00e9gr\u00e9s pour ajouter de la profondeur, de la distorsion et du caract\u00e8re \u00e0 chaque frappe de batterie.<\/p>\n<p><strong>Collection \u00e9tendue de boucles MIDI :<\/strong> Explorez une grande vari\u00e9t\u00e9 de boucles MIDI, y compris des grooves, des remplissages, des intros et des breaks, pour susciter l'inspiration et rationaliser votre flux de travail.<\/p>\n<p>Dread Drumz est enti\u00e8rement compatible avec les formats VST3, AU et AAX, ce qui garantit une int\u00e9gration sans effort dans tous les principaux DAW.<\/p>\n<h3><strong>Avantages :<\/strong><\/h3>\n<p>Avec Dread Drumz, vous aurez tout ce dont vous avez besoin pour cr\u00e9er des sons de batterie uniques, d\u00e9finissant le genre, dans un seul plugin. La vaste biblioth\u00e8que d'\u00e9chantillons de batterie et de boucles MIDI \u00e9limine le besoin de packs de sons ou de plugins suppl\u00e9mentaires, ce qui simplifie votre processus de production.<\/p>\n<p><strong>Creative Drum Sound Control :<\/strong> Prenez le contr\u00f4le total de votre son de batterie gr\u00e2ce \u00e0 des options de personnalisation infinies. M\u00e9langez des \u00e9chantillons, peaufinez les effets et composez le kit id\u00e9al pour votre morceau, le tout en toute simplicit\u00e9.<\/p>\n<p>L'interface intuitive et les effets int\u00e9gr\u00e9s vous permettent de gagner du temps, afin que vous puissiez vous concentrer sur la musique et non sur les r\u00e9glages.<\/p>\n<h3><strong>Pourquoi choisir Dread Drumz ?<\/strong><\/h3>\n<p>Dread Drumz est le plugin de batterie ultime pour les producteurs qui veulent des rythmes authentiques et puissants. Que vous souhaitiez cr\u00e9er des rythmes reggae classiques, des grooves dub modernes ou des rythmes exp\u00e9rimentaux, Dread Drumz poss\u00e8de les outils n\u00e9cessaires pour donner vie \u00e0 votre son. Obtenez les batteries les plus lourdes et les plus polyvalentes dans vos productions avec Dread Drumz.<\/p>","protected":false},"excerpt":{"rendered":"<p>Product Overview: Dread Drumz redefines how producers and musicians craft drum sounds for roots, reggae, dub, and beyond. Compatible with VST3, AU, and AAX formats, it fits seamlessly into any DAW. Create authentic, powerful drum grooves for any genre that demands deep, resonant beats. Key Features: Massive Drum Sample Library: Get access to both classic [&hellip;]<\/p>\n","protected":false},"featured_media":9003241321316494,"comment_status":"open","ping_status":"closed","template":"","meta":{"_acf_changed":false,"_seopress_robots_primary_cat":"none","_seopress_titles_title":"","_seopress_titles_desc":"","_seopress_robots_index":"","iawp_total_views":0},"product_brand":[],"product_cat":[447,64],"product_tag":[],"class_list":{"0":"post-9003241321310329","1":"product","2":"type-product","3":"status-publish","4":"has-post-thumbnail","6":"product_cat-drums","7":"product_cat-vst-instruments","9":"first","10":"instock","11":"sale","12":"downloadable","13":"virtual","14":"sold-individually","15":"purchasable","16":"product-type-simple"},"acf":[],"_links":{"self":[{"href":"https:\/\/soundfingers.com\/fr\/wp-json\/wp\/v2\/product\/9003241321310329","targetHints":{"allow":["GET"]}}],"collection":[{"href":"https:\/\/soundfingers.com\/fr\/wp-json\/wp\/v2\/product"}],"about":[{"href":"https:\/\/soundfingers.com\/fr\/wp-json\/wp\/v2\/types\/product"}],"replies":[{"embeddable":true,"href":"https:\/\/soundfingers.com\/fr\/wp-json\/wp\/v2\/comments?post=9003241321310329"}],"version-history":[{"count":0,"href":"https:\/\/soundfingers.com\/fr\/wp-json\/wp\/v2\/product\/9003241321310329\/revisions"}],"wp:featuredmedia":[{"embeddable":true,"href":"https:\/\/soundfingers.com\/fr\/wp-json\/wp\/v2\/media\/9003241321316494"}],"wp:attachment":[{"href":"https:\/\/soundfingers.com\/fr\/wp-json\/wp\/v2\/media?parent=9003241321310329"}],"wp:term":[{"taxonomy":"product_brand","embeddable":true,"href":"https:\/\/soundfingers.com\/fr\/wp-json\/wp\/v2\/product_brand?post=9003241321310329"},{"taxonomy":"product_cat","embeddable":true,"href":"https:\/\/soundfingers.com\/fr\/wp-json\/wp\/v2\/product_cat?post=9003241321310329"},{"taxonomy":"product_tag","embeddable":true,"href":"https:\/\/soundfingers.com\/fr\/wp-json\/wp\/v2\/product_tag?post=9003241321310329"}],"curies":[{"name":"wp","href":"https:\/\/api.w.org\/{rel}","templated":true}]}}