{"id":692309,"date":"2021-10-23T00:35:24","date_gmt":"2021-10-22T22:35:24","guid":{"rendered":"https:\/\/soundfingers.com\/?post_type=product&#038;p=692309"},"modified":"2026-03-22T08:22:44","modified_gmt":"2026-03-22T07:22:44","slug":"orgue-du-patrimoine","status":"publish","type":"product","link":"https:\/\/soundfingers.com\/fr\/plugins\/heritage-organ\/","title":{"rendered":"Heritage Organ"},"content":{"rendered":"","protected":false},"excerpt":{"rendered":"<p>Heritage Organ est un orgue synth\u00e9tique moderne qui r\u00e9pondra \u00e0 tous vos besoins. Utilisez le moteur Tone Shifter, pour couvrir une large gamme de types d'orgues.<\/p>","protected":false},"featured_media":9003241321308904,"comment_status":"open","ping_status":"closed","template":"","meta":{"_acf_changed":false,"_seopress_robots_primary_cat":"none","_seopress_titles_title":"","_seopress_titles_desc":"","_seopress_robots_index":"","iawp_total_views":2548},"product_brand":[],"product_cat":[64],"product_tag":[70,66,69,68,65,67],"class_list":{"0":"post-692309","1":"product","2":"type-product","3":"status-publish","4":"has-post-thumbnail","6":"product_cat-vst-instruments","7":"product_tag-dub","8":"product_tag-instrument","9":"product_tag-organ","10":"product_tag-plugin","11":"product_tag-reggae","12":"product_tag-vst","14":"first","15":"instock","16":"downloadable","17":"virtual","18":"sold-individually","19":"purchasable","20":"product-type-simple"},"acf":[],"_links":{"self":[{"href":"https:\/\/soundfingers.com\/fr\/wp-json\/wp\/v2\/product\/692309","targetHints":{"allow":["GET"]}}],"collection":[{"href":"https:\/\/soundfingers.com\/fr\/wp-json\/wp\/v2\/product"}],"about":[{"href":"https:\/\/soundfingers.com\/fr\/wp-json\/wp\/v2\/types\/product"}],"replies":[{"embeddable":true,"href":"https:\/\/soundfingers.com\/fr\/wp-json\/wp\/v2\/comments?post=692309"}],"version-history":[{"count":0,"href":"https:\/\/soundfingers.com\/fr\/wp-json\/wp\/v2\/product\/692309\/revisions"}],"wp:featuredmedia":[{"embeddable":true,"href":"https:\/\/soundfingers.com\/fr\/wp-json\/wp\/v2\/media\/9003241321308904"}],"wp:attachment":[{"href":"https:\/\/soundfingers.com\/fr\/wp-json\/wp\/v2\/media?parent=692309"}],"wp:term":[{"taxonomy":"product_brand","embeddable":true,"href":"https:\/\/soundfingers.com\/fr\/wp-json\/wp\/v2\/product_brand?post=692309"},{"taxonomy":"product_cat","embeddable":true,"href":"https:\/\/soundfingers.com\/fr\/wp-json\/wp\/v2\/product_cat?post=692309"},{"taxonomy":"product_tag","embeddable":true,"href":"https:\/\/soundfingers.com\/fr\/wp-json\/wp\/v2\/product_tag?post=692309"}],"curies":[{"name":"wp","href":"https:\/\/api.w.org\/{rel}","templated":true}]}}