{"id":1064056,"date":"2023-02-26T21:49:38","date_gmt":"2023-02-26T20:49:38","guid":{"rendered":"https:\/\/soundfingers.com\/?post_type=product&#038;p=1064056"},"modified":"2026-03-22T08:22:27","modified_gmt":"2026-03-22T07:22:27","slug":"basstone-x","status":"publish","type":"product","link":"https:\/\/soundfingers.com\/fr\/plugins\/basstone-x\/","title":{"rendered":"BassTone X"},"content":{"rendered":"<p data-block-id=\"2c47ab91-b604-4972-8e54-932dd26bc292\" data-pm-slice=\"1 1 []\"><img data-dominant-color=\"26292a\" data-has-transparency=\"false\" style=\"--dominant-color: #26292a;\" loading=\"lazy\" decoding=\"async\" class=\"alignnone wp-image-9003241321303742 size-medium not-transparent\" src=\"https:\/\/soundfingers.com\/wp-content\/uploads\/2023\/11\/BTX-Ad-Square-1-300x300.png\" alt=\"Affichage de BassTone X&#039; Plugin\" width=\"300\" height=\"300\" srcset=\"https:\/\/soundfingers.com\/wp-content\/uploads\/2023\/11\/BTX-Ad-Square-1-300x300.png 300w, https:\/\/soundfingers.com\/wp-content\/uploads\/2023\/11\/BTX-Ad-Square-1-500x500.webp 500w, https:\/\/soundfingers.com\/wp-content\/uploads\/2023\/11\/BTX-Ad-Square-1-1080x1080.webp 1080w, https:\/\/soundfingers.com\/wp-content\/uploads\/2023\/11\/BTX-Ad-Square-1-12x12.webp 12w, https:\/\/soundfingers.com\/wp-content\/uploads\/2023\/11\/BTX-Ad-Square-1-150x150.png 150w, https:\/\/soundfingers.com\/wp-content\/uploads\/2023\/11\/BTX-Ad-Square-1-768x768.png 768w, https:\/\/soundfingers.com\/wp-content\/uploads\/2023\/11\/BTX-Ad-Square-1-600x600.png 600w, https:\/\/soundfingers.com\/wp-content\/uploads\/2023\/11\/BTX-Ad-Square-1-100x100.png 100w, https:\/\/soundfingers.com\/wp-content\/uploads\/2023\/11\/BTX-Ad-Square-1-1024x1024.png 1024w, https:\/\/soundfingers.com\/wp-content\/uploads\/2023\/11\/BTX-Ad-Square-1-90x90.png 90w, https:\/\/soundfingers.com\/wp-content\/uploads\/2023\/11\/BTX-Ad-Square-1-png.webp 1200w\" sizes=\"auto, (max-width: 300px) 100vw, 300px\" \/><\/p>\n<p data-block-id=\"2c47ab91-b604-4972-8e54-932dd26bc292\" data-pm-slice=\"1 1 []\"><strong>Aper\u00e7u du produit :<\/strong><\/p>\n<p data-block-id=\"6dcfa15f-bdaa-4ffd-b8c5-37b0b36ee091\">BassTone X transforme la fa\u00e7on dont les producteurs et les musiciens cr\u00e9ent des sons de basse. Il fonctionne avec les formats VST3, AU et AAX, et s'int\u00e8gre dans n'importe quelle station de travail audionum\u00e9rique. Cr\u00e9ez des lignes de basse puissantes pour Dub et la musique \u00e0 forte teneur en basses.<\/p>\n<p data-block-id=\"0cf51c45-74d2-4d45-94ba-e5f35bba69d2\"><strong>Caract\u00e9ristiques principales :<\/strong><\/p>\n<ul data-block-id=\"f941abdb-4fa1-4ebb-b5cb-bc3587a9211a\">\n<li>\n<p data-block-id=\"068aa049-0d09-4963-afba-24ab028bfb86\">**Flexibilit\u00e9 des deux moteurs:** Il fusionne la basse r\u00e9elle avec le moteur synth\u00e9tique pour obtenir des sonorit\u00e9s vari\u00e9es.<\/p>\n<\/li>\n<li>\n<p data-block-id=\"8d5cee52-8ca7-458e-9a20-aacf539ec919\">**Vous pouvez obtenir des basses classiques chaudes, des sous-basses profondes et des basses synth\u00e9tiques r\u00e9sonnantes pour n'importe quel morceau.<\/p>\n<\/li>\n<li>\n<p data-block-id=\"15f6a997-8d9c-47ac-b193-08eb272fd529\">**Interface conviviale:** BassTone X convient aux d\u00e9butants et aux professionnels. Son interface est simple. Il permet de cr\u00e9er des sons de basse rapidement et facilement.<\/p>\n<\/li>\n<li>\n<p data-block-id=\"30ec434b-1eb6-4317-ae56-4572a57209ea\">Le **Rack d'effets int\u00e9gr\u00e9** amplifie les sons de basse fr\u00e9quence, donnant de la profondeur aux lignes de basse sans effort. Il est con\u00e7u pour enrichir votre musique sans avoir recours \u00e0 des plugins suppl\u00e9mentaires.<\/p>\n<\/li>\n<li>\n<p data-block-id=\"34b34815-7e26-4653-86a3-565e276bb704\">Enti\u00e8rement compatible avec les principales stations de travail audionum\u00e9riques gr\u00e2ce aux formats VST3, AU et AAX. Il garantit une int\u00e9gration transparente dans votre flux de production.<\/p>\n<\/li>\n<\/ul>\n<p data-block-id=\"8ce47bcf-afa7-43af-a5c2-3df199d39b56\"><strong>Avantages :<\/strong><\/p>\n<ul data-block-id=\"6be6975e-e11e-441f-8a44-db6b9c891886\">\n<li>\n<p data-block-id=\"9992741e-e896-43df-948c-a8228f021df3\">Gr\u00e2ce \u00e0 ses fonctions de conception sonore, le BassTone X simplifie l'obtention de basses riches. Il \u00e9limine la n\u00e9cessit\u00e9 d'utiliser de nombreux plugins, ce qui simplifie la production.<\/p>\n<\/li>\n<li>\n<p data-block-id=\"c032cb65-bb8a-4c31-b000-de7d7b47d18b\">**Cr\u00e9ation de sons personnalisables:** Vous pouvez personnaliser les sons en profondeur. M\u00e9langez des \u00e9chantillons et des sons synth\u00e9tiques, ajustez les effets et r\u00e9glez les param\u00e8tres pour obtenir des lignes de basse uniques.<\/p>\n<\/li>\n<li>\n<p data-block-id=\"22779f13-d624-4284-907b-34a373176a0a\">L'interface simple et les effets int\u00e9gr\u00e9s r\u00e9duisent le temps de production. Vous pouvez d\u00e9sormais vous concentrer sur la cr\u00e9ativit\u00e9, et non plus sur les ajustements techniques.<\/p>\n<\/li>\n<\/ul>\n<p data-block-id=\"4f50d757-b313-4782-ab85-178ab4fea55a\"><strong>Pourquoi choisir BassTone X ?<\/strong><\/p>\n<p data-block-id=\"833f4471-93bb-4d8d-a804-698bb7e7b3a7\">BassTone X est id\u00e9al pour les producteurs qui veulent des sons de basse innovants. Vous aimez les hits de Dub, la musique \u00e9lectronique ou les sons de basse lourds ? BassTone X dispose d'outils pour produire de superbes basses. Profitez de la puissance des basses profondes et am\u00e9liorez votre production musicale avec BassTone X.<\/p>","protected":false},"excerpt":{"rendered":"<p>D\u00e9couvrez la puissance des lignes de basse profondes, vibrantes, et des riches fr\u00e9quences sub comme jamais auparavant avec BassTone X, l'instrument hybride r\u00e9volutionnaire con\u00e7u pour les producteurs de musique reggae et dub.<\/p>","protected":false},"featured_media":9003241321310060,"comment_status":"open","ping_status":"closed","template":"","meta":{"_acf_changed":false,"_seopress_robots_primary_cat":"none","_seopress_titles_title":"%%post_title%% - Deep Dub Basses | SoundFingers","_seopress_titles_desc":"Experience the power of Deep Dub basses by SoundFingers. BassTone X is a groundbreaking hybrid instrument designed for Reggae, Dub... and more.","_seopress_robots_index":"","iawp_total_views":6349},"product_brand":[],"product_cat":[64],"product_tag":[],"class_list":{"0":"post-1064056","1":"product","2":"type-product","3":"status-publish","4":"has-post-thumbnail","6":"product_cat-vst-instruments","8":"first","9":"instock","10":"downloadable","11":"virtual","12":"sold-individually","13":"purchasable","14":"product-type-simple"},"acf":[],"_links":{"self":[{"href":"https:\/\/soundfingers.com\/fr\/wp-json\/wp\/v2\/product\/1064056","targetHints":{"allow":["GET"]}}],"collection":[{"href":"https:\/\/soundfingers.com\/fr\/wp-json\/wp\/v2\/product"}],"about":[{"href":"https:\/\/soundfingers.com\/fr\/wp-json\/wp\/v2\/types\/product"}],"replies":[{"embeddable":true,"href":"https:\/\/soundfingers.com\/fr\/wp-json\/wp\/v2\/comments?post=1064056"}],"version-history":[{"count":0,"href":"https:\/\/soundfingers.com\/fr\/wp-json\/wp\/v2\/product\/1064056\/revisions"}],"wp:featuredmedia":[{"embeddable":true,"href":"https:\/\/soundfingers.com\/fr\/wp-json\/wp\/v2\/media\/9003241321310060"}],"wp:attachment":[{"href":"https:\/\/soundfingers.com\/fr\/wp-json\/wp\/v2\/media?parent=1064056"}],"wp:term":[{"taxonomy":"product_brand","embeddable":true,"href":"https:\/\/soundfingers.com\/fr\/wp-json\/wp\/v2\/product_brand?post=1064056"},{"taxonomy":"product_cat","embeddable":true,"href":"https:\/\/soundfingers.com\/fr\/wp-json\/wp\/v2\/product_cat?post=1064056"},{"taxonomy":"product_tag","embeddable":true,"href":"https:\/\/soundfingers.com\/fr\/wp-json\/wp\/v2\/product_tag?post=1064056"}],"curies":[{"name":"wp","href":"https:\/\/api.w.org\/{rel}","templated":true}]}}