{"id":9003241321309132,"date":"2024-04-06T08:22:13","date_gmt":"2024-04-06T06:22:13","guid":{"rendered":"https:\/\/soundfingers.com\/?page_id=9003241321309132"},"modified":"2025-03-08T13:14:39","modified_gmt":"2025-03-08T12:14:39","slug":"sinscrire","status":"publish","type":"page","link":"https:\/\/soundfingers.com\/fr\/sign-up\/","title":{"rendered":"S'inscrire"},"content":{"rendered":"Copyright \u00a9 {echo:date('Y')} - SoundFingers\n\n<p><a class=\"legal-link\" href=\"https:\/\/soundfingers.com\/fr\/documents-l%c3%a9gaux\/conditions-generales\/\">Conditions g\u00e9n\u00e9rales d'utilisation <\/a><a class=\"legal-link\" href=\"https:\/\/soundfingers.com\/fr\/contrat-de-licence-utilisateur-final\/\">CLUF<\/a> <a class=\"legal-link\" href=\"https:\/\/soundfingers.com\/fr\/documents-l%c3%a9gaux\/privacy-statement-eu\/\">D\u00e9claration de confidentialit\u00e9<\/a> <a class=\"legal-link\" href=\"https:\/\/soundfingers.com\/fr\/documents-l%c3%a9gaux\/politique-cookies\/\">Politique en mati\u00e8re de cookies<\/a><\/p>\n\n\n\n<h1 class=\"wp-block-heading\">Cr\u00e9ez votre compte<\/h1>\n\n<p>Vous avez d\u00e9j\u00e0 un compte ? S'il vous pla\u00eet <a href=\"https:\/\/soundfingers.com\/fr\/connexion\/\">Se connecter<\/a>.<\/p>","protected":false},"excerpt":{"rendered":"<p>Copyright \u00a9 {echo:date(&#8216;Y&#8217;)} \u2022 SoundFingers Terms &amp; Conditions EULA Privacy Statement Cookie Policy Create Your Account Already have account? Please Log In.<\/p>","protected":false},"author":1,"featured_media":0,"parent":0,"menu_order":0,"comment_status":"closed","ping_status":"closed","template":"","meta":{"_acf_changed":false,"_seopress_robots_primary_cat":"","_seopress_titles_title":"","_seopress_titles_desc":"","_seopress_robots_index":"","iawp_total_views":0,"footnotes":""},"class_list":["post-9003241321309132","page","type-page","status-publish","hentry"],"acf":[],"_links":{"self":[{"href":"https:\/\/soundfingers.com\/fr\/wp-json\/wp\/v2\/pages\/9003241321309132","targetHints":{"allow":["GET"]}}],"collection":[{"href":"https:\/\/soundfingers.com\/fr\/wp-json\/wp\/v2\/pages"}],"about":[{"href":"https:\/\/soundfingers.com\/fr\/wp-json\/wp\/v2\/types\/page"}],"author":[{"embeddable":true,"href":"https:\/\/soundfingers.com\/fr\/wp-json\/wp\/v2\/users\/1"}],"replies":[{"embeddable":true,"href":"https:\/\/soundfingers.com\/fr\/wp-json\/wp\/v2\/comments?post=9003241321309132"}],"version-history":[{"count":0,"href":"https:\/\/soundfingers.com\/fr\/wp-json\/wp\/v2\/pages\/9003241321309132\/revisions"}],"wp:attachment":[{"href":"https:\/\/soundfingers.com\/fr\/wp-json\/wp\/v2\/media?parent=9003241321309132"}],"curies":[{"name":"wp","href":"https:\/\/api.w.org\/{rel}","templated":true}]}}