{"id":9003241321306192,"date":"2024-02-22T09:41:35","date_gmt":"2024-02-22T08:41:35","guid":{"rendered":"https:\/\/soundfingers.com\/?page_id=9003241321306192"},"modified":"2026-03-22T08:23:25","modified_gmt":"2026-03-22T07:23:25","slug":"soundfingers-plug-into-the-roots","status":"publish","type":"page","link":"https:\/\/soundfingers.com\/fr\/","title":{"rendered":"SoundFingers - Branchez-vous sur les racines"},"content":{"rendered":"{acf_punchline}\n\n<h3 class=\"wp-block-heading\">Full Bundle<\/h3>\n\nAchetez-les tous et b\u00e9n\u00e9ficiez d'une r\u00e9duction.\n\n<h2 class=\"wp-block-heading\">Plugins Reggae Dub<\/h2>\n\n<p><strong>Arr\u00eatez d'utiliser des outils inappropri\u00e9s pour vos productions !<\/strong><\/p>\n<ul>\n<li class=\"translation-block\">Obtenez l'Authentique son  <span style=\"color: #41a166\">Reggae <\/span>et<span style=\"color: #fcc35a\"> Dub <\/span><\/li>\n<li class=\"translation-block\">Utilisez des instruments sp\u00e9cialement con\u00e7us pour la musique <span style=\"color: #cf6868\">Roots<\/span><\/li>\n<li>Tirez parti des Presets pr\u00eats \u00e0 l'emploi<\/li>\n<li>Pour des grooves Old-School ou modernes<\/li>\n<\/ul>\n\n{acf_card_text}\n\n<div class=\"wp-block-buttons is-layout-flex wp-block-buttons-is-layout-flex\"><div class=\"wp-block-button\"><a class=\"wp-block-button__link\">T\u00e9l\u00e9charger<\/a><\/div><\/div>\n\nGratuit\n\n<h2 class=\"wp-block-heading\">Quoi de neuf ?<\/h2>\n\n<p><span style=\"color: #fcc35a; font-weight: bold;\">169\u20ac<\/span><\/p>\n\nDerni\u00e8res nouvelles et mises \u00e0 jour\n\nD\u00e9couvrez les derni\u00e8res versions de produits, les mises \u00e0 jour de la communaut\u00e9 et les articles d'experts.\n\n\n\n<h3 class=\"wp-block-heading\">{post_title}<\/h3>\n\n{post_terms_category}\n\n{post_excerpt}\n\n<h3 class=\"wp-block-heading\">{post_title}<\/h3>\n\n({acf_testimonials_count})\n\n<figure class=\"wp-block-image size-medium\"><img data-dominant-color=\"423f39\" data-has-transparency=\"true\" style=\"--dominant-color: #423f39;\" alt loading=\"lazy\" decoding=\"async\" width=\"600\" height=\"434\" sizes=\"auto, (max-width: 600px) 100vw, 600px\" src=\"https:\/\/soundfingers.com\/wp-content\/uploads\/2025\/05\/Bundle-Front-UI-Group-Latest-Drumz-600x434.webp\" class =\"wp-image-9003241321316497 has-transparency\" srcset=\"https:\/\/soundfingers.com\/wp-content\/uploads\/2025\/05\/Bundle-Front-UI-Group-Latest-Drumz-600x434.webp 600w, https:\/\/soundfingers.com\/wp-content\/uploads\/2025\/05\/Bundle-Front-UI-Group-Latest-Drumz-768x555.webp 768w, https:\/\/soundfingers.com\/wp-content\/uploads\/2025\/05\/Bundle-Front-UI-Group-Latest-Drumz-18x12.webp 18w, https:\/\/soundfingers.com\/wp-content\/uploads\/2025\/05\/Bundle-Front-UI-Group-Latest-Drumz.webp 800w\" \/><\/figure>\n\n<h3 class=\"wp-block-heading\">{post_title}<\/h3>\n\n{acf_punchline} (Connectez-vous pour voir votre offre personnalis\u00e9e) 30% OFF Prix normal\n\n<h3 class=\"wp-block-heading\">Full Bundle<\/h3>\n\nAchetez-les tous et b\u00e9n\u00e9ficiez d'une r\u00e9duction de 20%.\n\nAchetez-les tous et b\u00e9n\u00e9ficiez d'une remise.\n\n\n\n<figure class=\"wp-block-image size-medium\"><img data-dominant-color=\"423f39\" data-has-transparency=\"true\" style=\"--dominant-color: #423f39;\" alt loading=\"lazy\" decoding=\"async\" width=\"600\" height=\"434\" sizes=\"auto, (max-width: 600px) 100vw, 600px\" src=\"https:\/\/soundfingers.com\/wp-content\/uploads\/2025\/05\/Bundle-Front-UI-Group-Latest-Drumz-600x434.webp\" class =\"wp-image-9003241321316497 has-transparency\" srcset=\"https:\/\/soundfingers.com\/wp-content\/uploads\/2025\/05\/Bundle-Front-UI-Group-Latest-Drumz-600x434.webp 600w, https:\/\/soundfingers.com\/wp-content\/uploads\/2025\/05\/Bundle-Front-UI-Group-Latest-Drumz-768x555.webp 768w, https:\/\/soundfingers.com\/wp-content\/uploads\/2025\/05\/Bundle-Front-UI-Group-Latest-Drumz-18x12.webp 18w, https:\/\/soundfingers.com\/wp-content\/uploads\/2025\/05\/Bundle-Front-UI-Group-Latest-Drumz.webp 800w\" \/><\/figure>\n\n<figure class=\"wp-block-image size-full\"><img data-dominant-color=\"57372c\" data-has-transparency=\"false\" style=\"--dominant-color: #57372c;\" alt loading=\"lazy\" decoding=\"async\" width=\"1600\" height=\"637\" sizes=\"auto, (max-width: 1600px) 100vw, 1600px\" src=\"https:\/\/soundfingers.com\/wp-content\/uploads\/2025\/03\/Dub-Producer-1.3.webp\" class =\"wp-image-9003241321315358 not-transparent\" srcset=\"https:\/\/soundfingers.com\/wp-content\/uploads\/2025\/03\/Dub-Producer-1.3.webp 1600w, https:\/\/soundfingers.com\/wp-content\/uploads\/2025\/03\/Dub-Producer-1.3-600x239.webp 600w, https:\/\/soundfingers.com\/wp-content\/uploads\/2025\/03\/Dub-Producer-1.3-768x306.webp 768w, https:\/\/soundfingers.com\/wp-content\/uploads\/2025\/03\/Dub-Producer-1.3-1536x612.webp 1536w, https:\/\/soundfingers.com\/wp-content\/uploads\/2025\/03\/Dub-Producer-1.3-18x7.webp 18w\" \/><\/figure>\n\n<h1 class=\"wp-block-heading translation-block\">Plugins Audio<br>pour la<br>Musique<br><span style=\"color: #7DBD96\">Reggae<\/span> <span style=\"color: #fcc35a\">&amp;<\/span> <span style=\"color: #ff575d\">Dub<br><\/span><\/h1>\n\nPlus de 2500 producteurs de tous niveaux - des d\u00e9butants aux professionnels - utilisent les plugins SoundFingers'. \u00c9largissez votre palette sonore, optimisez votre flux de travail et obtenez le son Reggae authentique de Dub.\n\n<div class=\"wp-block-buttons is-layout-flex wp-block-buttons-is-layout-flex\"><div class=\"wp-block-button\"><a class=\"wp-block-button__link\">D\u00e9couvrez nos plugins<\/a><\/div><\/div>\n\n<figure class=\"wp-block-image size-full\"><img data-dominant-color=\"5f5959\" data-has-transparency=\"true\" style=\"--dominant-color: #5f5959;\" alt loading=\"lazy\" decoding=\"async\" width=\"150\" height=\"50\" sizes=\"auto, (max-width: 150px) 100vw, 150px\" src=\"https:\/\/soundfingers.com\/wp-content\/uploads\/2025\/03\/Users-Group-v1.1.webp\" class =\"wp-image-9003241321315369 has-transparency\" srcset=\"https:\/\/soundfingers.com\/wp-content\/uploads\/2025\/03\/Users-Group-v1.1.webp 150w, https:\/\/soundfingers.com\/wp-content\/uploads\/2025\/03\/Users-Group-v1.1-18x6.webp 18w\" \/><\/figure>\n\nPrix normal :<del>250\u20ac<\/del>\n\n<p><span style=\"color: #fcc35a; font-weight: bold;\">Votre offre personnalis\u00e9e :<\/span><\/p>\n\n    <div class=\"bundle-offer-component\">\n        <p class=\"bundle-login-prompt\">Vous avez d\u00e9j\u00e0 des plugins ? <a href=\"https:\/\/soundfingers.com\/wp-login.php?redirect_to=https%3A%2F%2Fsoundfingers.com%2Ffr%2F\">Se connecter<\/a> pour b\u00e9n\u00e9ficier d'une remise exclusive !<\/p>        <p class=\"bundle-original-price\">\n            Prix normal du lot : <span class=\"price\"><del>\u20ac250<\/del><\/span>\n        <\/p>\n        <p class=\"bundle-offer-price\">\n            Votre prix : <span class=\"price\"><strong>\u20ac215<\/strong><\/span>\n        <\/p>\n        <p class=\"bundle-bottom-note\">\n            (La r\u00e9duction sera appliqu\u00e9e sur la page de paiement)\n        <\/p>\n                    <button class=\"bundle-add-to-cart-btn\" \n                    data-plugins=\"9003241321310920,9003241321310329,1064056,894157,692309\"\n                    data-discount-type=\"new\">\n                Ajouter l'offre group\u00e9e au panier            <\/button>\n            <\/div>\n    \n    <script>\n    jQuery(document).ready(function($) {\n        $('.bundle-add-to-cart-btn').on('click', function() {\n            var plugins = $(this).data('plugins').toString().split(',');\n            var discountType = $(this).data('discount-type');\n            \n            $.ajax({\n                url: 'https:\/\/soundfingers.com\/wp-admin\/admin-ajax.php',\n                type: 'POST',\n                data: {\n                    action: 'add_bundle_to_cart',\n                    plugins: plugins,\n                    discount_type: discountType,\n                    nonce: '74c3f0aa89'\n                },\n                success: function(response) {\n                    if (response.success) {\n                        window.location.href = 'https:\/\/soundfingers.com\/fr\/checkout\/';\n                    } else {\n                        alert('Error adding bundle to cart: ' + response.data);\n                    }\n                }\n            });\n        });\n    });\n    <\/script>\n    \n\n\n<div class=\"wp-block-buttons is-layout-flex wp-block-buttons-is-layout-flex\"><div class=\"wp-block-button\"><a class=\"wp-block-button__link\">Obtenir l'offre compl\u00e8te<\/a><\/div><\/div>\n\nNew Year&#8217;s Sale\n\n20% Off on all plugins\n\n<div class=\"wp-block-buttons is-layout-flex wp-block-buttons-is-layout-flex\"><div class=\"wp-block-button\"><a class=\"wp-block-button__link\">SHOP NOW<\/a><\/div><\/div>\n\n<div class=\"wp-block-buttons is-layout-flex wp-block-buttons-is-layout-flex\"><div class=\"wp-block-button\"><a class=\"wp-block-button__link\">SHOP NOW<\/a><\/div><\/div>\n\nNew Year&#8217;s Sale\n\n20% Off on all plugins","protected":false},"excerpt":{"rendered":"<p>{acf_punchline} Full Bundle Buy them all and get a discount. Featured Reggae Dub Plugins Stop Using Inappropriate Tools for Your Productions! Get the Authentic Reggae and Dub Sound Use Instruments Especially Designed for Roots Music Enjoy Ready-to-Use Presets For Old-School to Modern Grooves {acf_card_text} Free What&#8217;s New ? 169\u20ac Latest News &#038; Updates Discover the [&hellip;]<\/p>\n","protected":false},"author":1,"featured_media":0,"parent":0,"menu_order":0,"comment_status":"closed","ping_status":"closed","template":"","meta":{"_acf_changed":false,"_seopress_robots_primary_cat":"","_seopress_titles_title":"SoundFingers %%sep%% Audio Plugins for Reggae & Dub Music","_seopress_titles_desc":"SoundFingers creates unique audio plugins for Reggae & Dub music. Expand your sound palette, and get the authentic roots sound.","_seopress_robots_index":"","iawp_total_views":0,"footnotes":""},"class_list":["post-9003241321306192","page","type-page","status-publish","hentry"],"acf":[],"_links":{"self":[{"href":"https:\/\/soundfingers.com\/fr\/wp-json\/wp\/v2\/pages\/9003241321306192","targetHints":{"allow":["GET"]}}],"collection":[{"href":"https:\/\/soundfingers.com\/fr\/wp-json\/wp\/v2\/pages"}],"about":[{"href":"https:\/\/soundfingers.com\/fr\/wp-json\/wp\/v2\/types\/page"}],"author":[{"embeddable":true,"href":"https:\/\/soundfingers.com\/fr\/wp-json\/wp\/v2\/users\/1"}],"replies":[{"embeddable":true,"href":"https:\/\/soundfingers.com\/fr\/wp-json\/wp\/v2\/comments?post=9003241321306192"}],"version-history":[{"count":40,"href":"https:\/\/soundfingers.com\/fr\/wp-json\/wp\/v2\/pages\/9003241321306192\/revisions"}],"predecessor-version":[{"id":9003241321318674,"href":"https:\/\/soundfingers.com\/fr\/wp-json\/wp\/v2\/pages\/9003241321306192\/revisions\/9003241321318674"}],"wp:attachment":[{"href":"https:\/\/soundfingers.com\/fr\/wp-json\/wp\/v2\/media?parent=9003241321306192"}],"curies":[{"name":"wp","href":"https:\/\/api.w.org\/{rel}","templated":true}]}}