{"id":9003241321305714,"date":"2024-02-12T23:36:11","date_gmt":"2024-02-12T22:36:11","guid":{"rendered":"https:\/\/soundfingers.com\/?page_id=9003241321305714"},"modified":"2024-04-15T01:19:25","modified_gmt":"2024-04-14T23:19:25","slug":"connexion","status":"publish","type":"page","link":"https:\/\/soundfingers.com\/fr\/login\/","title":{"rendered":"Connexion"},"content":{"rendered":"Copyright \u00a9 {echo:date('Y')} - SoundFingers\n\n<p><a class=\"legal-link\" href=\"https:\/\/soundfingers.com\/fr\/documents-l%c3%a9gaux\/conditions-generales\/\">Conditions g\u00e9n\u00e9rales d'utilisation <\/a><a class=\"legal-link\" href=\"https:\/\/soundfingers.com\/fr\/contrat-de-licence-utilisateur-final\/\">CLUF<\/a> <a class=\"legal-link\" href=\"https:\/\/soundfingers.com\/fr\/documents-l%c3%a9gaux\/privacy-statement-eu\/\">D\u00e9claration de confidentialit\u00e9<\/a> <a class=\"legal-link\" href=\"https:\/\/soundfingers.com\/fr\/documents-l%c3%a9gaux\/politique-cookies\/\">Politique en mati\u00e8re de cookies<\/a><\/p>\n\n\n\n<h1 class=\"wp-block-heading\">Se connecter<\/h1>\n\nVous \u00eates d\u00e9j\u00e0 connect\u00e9.<br>Vous pouvez consulter la page de votre compte <a href=\"https:\/\/soundfingers.com\/fr\/mon-compte\/\" class=\"underline-link-sf\">ici<\/a>.\n\n\n\n<p>Vous avez oubli\u00e9 votre mot de passe ? <a href=\"https:\/\/soundfingers.com\/fr\/mot-de-passe-perdu\/\">R\u00e9initialiser votre mot de passe<\/a>.<\/p>\n<p>Vous n'avez pas encore de compte ? <a href=\"https:\/\/soundfingers.com\/fr\/sinscrire\/\">S'inscrire<\/a>.<\/p>\n\nAfficher le mot de passe","protected":false},"excerpt":{"rendered":"<p>Copyright \u00a9 {echo:date('Y')} - SoundFingers Termes et conditions CLUF D\u00e9claration de confidentialit\u00e9 Politique en mati\u00e8re de cookies Connexion Vous \u00eates d\u00e9j\u00e0 connect\u00e9. Vous pouvez visiter la page de votre compte ici. Vous avez oubli\u00e9 votre mot de passe ? R\u00e9initialisez votre mot de passe. Vous n'avez pas encore de compte ? Enregistrez-vous maintenant. Afficher le mot de passe<\/p>","protected":false},"author":1,"featured_media":0,"parent":0,"menu_order":0,"comment_status":"closed","ping_status":"closed","template":"","meta":{"_acf_changed":false,"_seopress_robots_primary_cat":"","_seopress_titles_title":"","_seopress_titles_desc":"","_seopress_robots_index":"","iawp_total_views":0,"footnotes":""},"class_list":["post-9003241321305714","page","type-page","status-publish","hentry"],"acf":[],"_links":{"self":[{"href":"https:\/\/soundfingers.com\/fr\/wp-json\/wp\/v2\/pages\/9003241321305714","targetHints":{"allow":["GET"]}}],"collection":[{"href":"https:\/\/soundfingers.com\/fr\/wp-json\/wp\/v2\/pages"}],"about":[{"href":"https:\/\/soundfingers.com\/fr\/wp-json\/wp\/v2\/types\/page"}],"author":[{"embeddable":true,"href":"https:\/\/soundfingers.com\/fr\/wp-json\/wp\/v2\/users\/1"}],"replies":[{"embeddable":true,"href":"https:\/\/soundfingers.com\/fr\/wp-json\/wp\/v2\/comments?post=9003241321305714"}],"version-history":[{"count":0,"href":"https:\/\/soundfingers.com\/fr\/wp-json\/wp\/v2\/pages\/9003241321305714\/revisions"}],"wp:attachment":[{"href":"https:\/\/soundfingers.com\/fr\/wp-json\/wp\/v2\/media?parent=9003241321305714"}],"curies":[{"name":"wp","href":"https:\/\/api.w.org\/{rel}","templated":true}]}}