{"id":9003241321304124,"date":"2023-12-17T11:00:56","date_gmt":"2023-12-17T10:00:56","guid":{"rendered":"https:\/\/soundfingers.com\/?page_id=9003241321304124"},"modified":"2026-03-08T10:31:58","modified_gmt":"2026-03-08T09:31:58","slug":"communaute","status":"publish","type":"page","link":"https:\/\/soundfingers.com\/fr\/community\/","title":{"rendered":"Communaut\u00e9"},"content":{"rendered":"<h1 class=\"wp-block-heading\">Communaut\u00e9<\/h1>\n\n<h3 class=\"wp-block-heading\">Forum<\/h3>\n\nThe forum is currently closed.<br>A discord channel will be available soon.\n\nTalk, Share and Discuss\n\nArticles, Tutorials, and more\n\n<h3 class=\"wp-block-heading\">Blog<\/h3>\n\nRestez inform\u00e9 des derni\u00e8res mises \u00e0 jour de notre blog. Trouvez des tutoriels, t\u00e9l\u00e9chargez des plugins exclusifs et des conseils et astuces sur la production musicale et la conception sonore.\n\n<h2 class=\"wp-block-heading\">Derni\u00e8res nouvelles<\/h2>\n\n\n\n<h3 class=\"wp-block-heading\">{post_title}<\/h3>\n\n(post_content)\n\nNewsletter\n\n<figure class=\"wp-block-image size-full\"><a ><img alt decoding=\"async\" src=\"https:\/\/staging.soundfingers.com\/wp-content\/uploads\/2023\/06\/LogoTitle-m.png\" class =\"wp-image-589\"><\/a><\/figure>\n\n<h4 class=\"wp-block-heading\">Liens sociaux<\/h4>\n\nVisitez SoundFingers sur les m\u00e9dias sociaux et acc\u00e9dez \u00e0 des contenus exclusifs.\n\n<h2 class=\"wp-block-heading\">Rejoignez-nous !<\/h2>\n\n<div class=\"wp-block-buttons is-layout-flex wp-block-buttons-is-layout-flex\"><div class=\"wp-block-button\"><a class=\"wp-block-button__link\">Visitez le blog<\/a><\/div><\/div>\n\n<div class=\"wp-block-buttons is-layout-flex wp-block-buttons-is-layout-flex\"><div class=\"wp-block-button\"><a class=\"wp-block-button__link\">Discord coming Up&#8230;<\/a><\/div><\/div>\n\nLire la suite...","protected":false},"excerpt":{"rendered":"<p>Community Forum The forum is currently closed.A discord channel will be available soon. Talk, Share and Discuss Articles, Tutorials, and more Blog Stay in the loop with our latest blog updates. Find tutorials, download exclusive plugins, and tips &#038; tricks on music production and sound design. Latest News {post_title} (post_content) Newsletter Social Links Visit SoundFingers [&hellip;]<\/p>\n","protected":false},"author":1,"featured_media":0,"parent":0,"menu_order":0,"comment_status":"closed","ping_status":"closed","template":"","meta":{"_acf_changed":false,"_seopress_robots_primary_cat":"","_seopress_titles_title":"","_seopress_titles_desc":"","_seopress_robots_index":"","iawp_total_views":0,"footnotes":""},"class_list":["post-9003241321304124","page","type-page","status-publish","hentry"],"acf":[],"_links":{"self":[{"href":"https:\/\/soundfingers.com\/fr\/wp-json\/wp\/v2\/pages\/9003241321304124","targetHints":{"allow":["GET"]}}],"collection":[{"href":"https:\/\/soundfingers.com\/fr\/wp-json\/wp\/v2\/pages"}],"about":[{"href":"https:\/\/soundfingers.com\/fr\/wp-json\/wp\/v2\/types\/page"}],"author":[{"embeddable":true,"href":"https:\/\/soundfingers.com\/fr\/wp-json\/wp\/v2\/users\/1"}],"replies":[{"embeddable":true,"href":"https:\/\/soundfingers.com\/fr\/wp-json\/wp\/v2\/comments?post=9003241321304124"}],"version-history":[{"count":2,"href":"https:\/\/soundfingers.com\/fr\/wp-json\/wp\/v2\/pages\/9003241321304124\/revisions"}],"predecessor-version":[{"id":9003241321318628,"href":"https:\/\/soundfingers.com\/fr\/wp-json\/wp\/v2\/pages\/9003241321304124\/revisions\/9003241321318628"}],"wp:attachment":[{"href":"https:\/\/soundfingers.com\/fr\/wp-json\/wp\/v2\/media?parent=9003241321304124"}],"curies":[{"name":"wp","href":"https:\/\/api.w.org\/{rel}","templated":true}]}}