{"id":9003241321302655,"date":"2023-07-22T18:29:44","date_gmt":"2023-07-22T16:29:44","guid":{"rendered":"https:\/\/soundfingers.com\/?page_id=9003241321302655"},"modified":"2026-02-22T10:32:20","modified_gmt":"2026-02-22T09:32:20","slug":"gratuites-4-2","status":"publish","type":"page","link":"https:\/\/soundfingers.com\/fr\/freebies\/","title":{"rendered":"Plugins Gratuits"},"content":{"rendered":"<h1 class=\"wp-block-heading\">M\u00eame nos plugins gratuits offrent un son professionnel.<\/h1>\n\n<h2 class=\"wp-block-heading\">{post_title}<\/h2>\n\n{post_excerpt}\n\n{acf_promo}\n\n<ul class=\"wp-block-list\">\n<li>{acf_main_feature_1}<\/li>\n<li>{acf_main_feature_2}<\/li>\n<li>{acf_main_feature_3}<\/li>\n<li>{acf_main_feature_4}<\/li>\n<li>{acf_main_feature_5}<\/li>\n<\/ul>\n\nS'abonner \u00e0 la Newsletter\n\n\n\n<div class=\"wp-block-buttons is-layout-flex wp-block-buttons-is-layout-flex\"><div class=\"wp-block-button\"><a class=\"wp-block-button__link\">En savoir plus<\/a><\/div><\/div>\n\nAbonnez-vous !\n\nT\u00e9l\u00e9chargez nos produits gratuits : D\u00e9couvrez ce que SoundFingers a \u00e0 vous offrir !<br>Inscrivez-vous \u00e0 notre newsletter pour recevoir des plugins gratuits.\n\n<p>Inscrivez-vous \u00e0 notre lettre d'information pour recevoir <strong>15% off<\/strong> votre premi\u00e8re commande et <strong>plugins gratuits exclusifs<\/strong>:<\/p>","protected":false},"excerpt":{"rendered":"<p>Even our free plugins offer profesionnal sound. {post_title} {post_excerpt} {acf_promo} {acf_main_feature_1} {acf_main_feature_2} {acf_main_feature_3} {acf_main_feature_4} {acf_main_feature_5} Subscribe to the Newsletter Subscribe! Download our freebies: Get a taste of what SoundFingers have to offer!Subscribe to our newsletter to get amazing free plugins. Subscribe to our Newsletter to receive 15% off your first order and exclusive free plugins:<\/p>","protected":false},"author":1,"featured_media":0,"parent":0,"menu_order":0,"comment_status":"closed","ping_status":"closed","template":"","meta":{"_acf_changed":false,"_seopress_robots_primary_cat":"","_seopress_titles_title":"","_seopress_titles_desc":"Download our freebies! Get a taste of what SoundFingers have to offer: subscribe to our newsletter to get amazing free plugins.","_seopress_robots_index":"","iawp_total_views":0,"footnotes":""},"class_list":["post-9003241321302655","page","type-page","status-publish","hentry"],"acf":[],"_links":{"self":[{"href":"https:\/\/soundfingers.com\/fr\/wp-json\/wp\/v2\/pages\/9003241321302655","targetHints":{"allow":["GET"]}}],"collection":[{"href":"https:\/\/soundfingers.com\/fr\/wp-json\/wp\/v2\/pages"}],"about":[{"href":"https:\/\/soundfingers.com\/fr\/wp-json\/wp\/v2\/types\/page"}],"author":[{"embeddable":true,"href":"https:\/\/soundfingers.com\/fr\/wp-json\/wp\/v2\/users\/1"}],"replies":[{"embeddable":true,"href":"https:\/\/soundfingers.com\/fr\/wp-json\/wp\/v2\/comments?post=9003241321302655"}],"version-history":[{"count":6,"href":"https:\/\/soundfingers.com\/fr\/wp-json\/wp\/v2\/pages\/9003241321302655\/revisions"}],"predecessor-version":[{"id":9003241321318549,"href":"https:\/\/soundfingers.com\/fr\/wp-json\/wp\/v2\/pages\/9003241321302655\/revisions\/9003241321318549"}],"wp:attachment":[{"href":"https:\/\/soundfingers.com\/fr\/wp-json\/wp\/v2\/media?parent=9003241321302655"}],"curies":[{"name":"wp","href":"https:\/\/api.w.org\/{rel}","templated":true}]}}