{"id":9003241321001961,"date":"2023-06-08T20:27:28","date_gmt":"2023-06-08T18:27:28","guid":{"rendered":"https:\/\/stage.staging.soundfingers.com\/?page_id=554"},"modified":"2024-03-24T13:08:27","modified_gmt":"2024-03-24T12:08:27","slug":"a-propos-de-soundfingers","status":"publish","type":"page","link":"https:\/\/soundfingers.com\/fr\/about-soundfingers\/","title":{"rendered":"\u00c0 propos de SoundFingers"},"content":{"rendered":"<h1 class=\"wp-block-heading\">\u00c0 propos de SoundFingers<\/h1>\n\n<p>Bonjour, je m'appelle Matt.<\/p>\n<p>J'ai toujours aim\u00e9 la musique. J'ai \u00e9tudi\u00e9 le piano pendant 8 ans dans ma jeunesse, et plus tard j'ai appris \u00e0 jouer de la guitare.<\/p>\n<p>J'ai essay\u00e9 plusieurs choses : production, mixage, conception sonore, enregistrement sur le terrain... Mais \u00e0 un moment donn\u00e9, j'ai pens\u00e9 qu'il serait int\u00e9ressant de cr\u00e9er moi-m\u00eame des instruments virtuels. Et j'ai senti que c'\u00e9tait un domaine dans lequel je pouvais \u00eatre bon.<\/p>\n<p>J'ai commenc\u00e9 \u00e0 apprendre comment cr\u00e9er, \u00e9crire et concevoir des instruments Kontakt.<\/p>\n<p>J'ai commenc\u00e9 \u00e0 cr\u00e9er des instruments Kontakt en 2018, mais j'ai quitt\u00e9 Kontakt fin 2021.<\/p>\n<p>Depuis, j'utilise le framework HISE, bas\u00e9 sur JUCE, et je propose maintenant des plugins audio (VST3 \/ AU \/ AAX).<\/p>\n\n<p>Mon ambition est de proposer mes propres produits, de concevoir des instruments nouveaux et originaux pour inspirer les musiciens.<\/p>\n<p>SoundFingers a \u00e9t\u00e9 cr\u00e9\u00e9 en 2018. Depuis, je travaille constamment. Je suis juste moi : conception et programmation d'instruments, et gestion de mon site web.<\/p>\n<p class=\"translation-block\">Je m'engage \u00e0 cr\u00e9er des produits de qualit\u00e9 et je suis toujours heureux d'\u00e9couter ce que mes visiteurs et les clients ont \u00e0 dire, donc n'h\u00e9sitez pas \u00e0 <a href=\"https:\/\/soundfingers.com\/fr\/contact\/\" target=\"_self\">me contacter<\/a>.<\/p>\n<p>J'esp\u00e8re que vous appr\u00e9cierez ce que je vous propose,<\/p>\n<p>Bienvenue \u00e0 SoundFingers.<\/p>\n\n<figure class=\"wp-block-image size-full\"><img data-dominant-color=\"847054\" data-has-transparency=\"false\" style=\"--dominant-color: #847054;\" decoding=\"async\" sizes=\"(max-width: 800px) 100vw, 800px\" src=\"https:\/\/soundfingers.com\/wp-content\/uploads\/2023\/07\/aboutPictureSquare.jpg\" alt=\"photo de matt de soundfingers portant un casque devant un piano\" class=\"wp-image-9003241321302644 not-transparent\"><\/figure>\n\n<h1 class=\"wp-block-heading\">Informations juridiques<\/h1>\n\n<address>\n<p>SoundFingers<\/p>\n<p>Si\u00e8ge social : 1 rue du Cercle, ENTZHEIM - France<\/p>\n<p>Registre du commerce de Strasbourg n\u00b0 : 838769024<\/p>\n<p>Num\u00e9ro APE : 5829C<\/p>\n<p>Repr\u00e9sentant l\u00e9gal : M. Mathieu RAHM<\/p>\n<p><a href=\"https:\/\/soundfingers.com\/fr\/contact\/\">Me contacter<\/a><\/p>\n<\/address>\n\n<figure class=\"wp-block-image size-full\"><img data-dominant-color=\"35324d\" data-has-transparency=\"false\" style=\"--dominant-color: #35324d;\" alt decoding=\"async\" sizes=\"(max-width: 1920px) 100vw, 1920px\" src=\"https:\/\/dev.soundfingers.com\/wp-content\/uploads\/2023\/02\/music-producer.jpg\" class =\"wp-image-9003241321005959 not-transparent\"><\/figure>\n\n<p>Retour \u00e0 <a href=\"https:\/\/soundfingers.com\/fr\/\">Page d'accueil<\/a><\/p>","protected":false},"excerpt":{"rendered":"<p>About SoundFingers Hi ! My name is Matt. I\u2019ve always been into music. I studied the piano for 8 years in my young years, and later I learned playing the guitar myself. I tried several things: producing, mixing, sound designing, field recording&#8230; But at some point, I thought it would be interesting to create virtual [&hellip;]<\/p>\n","protected":false},"author":1,"featured_media":0,"parent":0,"menu_order":0,"comment_status":"closed","ping_status":"closed","template":"","meta":{"_acf_changed":false,"_seopress_robots_primary_cat":"","_seopress_titles_title":"","_seopress_titles_desc":"","_seopress_robots_index":"","iawp_total_views":0,"footnotes":""},"class_list":["post-9003241321001961","page","type-page","status-publish","hentry"],"acf":[],"_links":{"self":[{"href":"https:\/\/soundfingers.com\/fr\/wp-json\/wp\/v2\/pages\/9003241321001961","targetHints":{"allow":["GET"]}}],"collection":[{"href":"https:\/\/soundfingers.com\/fr\/wp-json\/wp\/v2\/pages"}],"about":[{"href":"https:\/\/soundfingers.com\/fr\/wp-json\/wp\/v2\/types\/page"}],"author":[{"embeddable":true,"href":"https:\/\/soundfingers.com\/fr\/wp-json\/wp\/v2\/users\/1"}],"replies":[{"embeddable":true,"href":"https:\/\/soundfingers.com\/fr\/wp-json\/wp\/v2\/comments?post=9003241321001961"}],"version-history":[{"count":0,"href":"https:\/\/soundfingers.com\/fr\/wp-json\/wp\/v2\/pages\/9003241321001961\/revisions"}],"wp:attachment":[{"href":"https:\/\/soundfingers.com\/fr\/wp-json\/wp\/v2\/media?parent=9003241321001961"}],"curies":[{"name":"wp","href":"https:\/\/api.w.org\/{rel}","templated":true}]}}