{"id":9003241321001943,"date":"2023-06-05T09:59:20","date_gmt":"2023-06-05T07:59:20","guid":{"rendered":"https:\/\/stage.staging.soundfingers.com\/?page_id=530"},"modified":"2025-12-03T18:46:50","modified_gmt":"2025-12-03T17:46:50","slug":"contact","status":"publish","type":"page","link":"https:\/\/soundfingers.com\/fr\/contact\/","title":{"rendered":"Contact"},"content":{"rendered":"<h1 class=\"wp-block-heading\">Contact<\/h1>\n\n<p>Avant d'envoyer un message, veuillez d'abord consulter la <a href=\"https:\/\/dev.soundfingers.com\/support\/\">Page FAQ<\/a> pour obtenir de l'aide. Vous y trouverez probablement votre r\u00e9ponse.<\/p>\n<p>Si vous avez encore des questions ou si vous rencontrez des difficult\u00e9s, veuillez nous contacter en utilisant ce formulaire. Je vous r\u00e9pondrai dans les plus brefs d\u00e9lais.<\/p>\n\nDu lundi au samedi - De 9 heures \u00e0 20 heures, GMT+1\n\n<p>Retour \u00e0 <a href=\"https:\/\/soundfingers.com\/fr\/\">Page d'accueil<\/a><\/p>\n\nN'h\u00e9sitez pas \u00e0 nous contacter si vous avez des questions ou des demandes.\n\nJe suis actuellement en vacances jusqu'au 3 ao\u00fbt. Mon temps de r\u00e9ponse peut \u00eatre plus long que d'habitude.<br>Nous vous remercions de votre patience et de votre compr\u00e9hension.","protected":false},"excerpt":{"rendered":"<p>Contact Before sending a message please refer first to the FAQ page for assistance and answers. You&#8217;ll probably find your answer there. If you still have any questions or you are having trouble then please contact us using this form. I\u2019ll get back to you as soon as possible. Mon. to Sat. \u2013 From 9 [&hellip;]<\/p>\n","protected":false},"author":1,"featured_media":0,"parent":0,"menu_order":0,"comment_status":"closed","ping_status":"closed","template":"","meta":{"_acf_changed":false,"_seopress_robots_primary_cat":"","_seopress_titles_title":"","_seopress_titles_desc":"Didn&#039;f find what you&#039;ve been looking for in our FAQ? Don&#039;t hesitate to contact us anytime if you have any questions.","_seopress_robots_index":"","iawp_total_views":0,"footnotes":""},"class_list":["post-9003241321001943","page","type-page","status-publish","hentry"],"acf":[],"_links":{"self":[{"href":"https:\/\/soundfingers.com\/fr\/wp-json\/wp\/v2\/pages\/9003241321001943","targetHints":{"allow":["GET"]}}],"collection":[{"href":"https:\/\/soundfingers.com\/fr\/wp-json\/wp\/v2\/pages"}],"about":[{"href":"https:\/\/soundfingers.com\/fr\/wp-json\/wp\/v2\/types\/page"}],"author":[{"embeddable":true,"href":"https:\/\/soundfingers.com\/fr\/wp-json\/wp\/v2\/users\/1"}],"replies":[{"embeddable":true,"href":"https:\/\/soundfingers.com\/fr\/wp-json\/wp\/v2\/comments?post=9003241321001943"}],"version-history":[{"count":3,"href":"https:\/\/soundfingers.com\/fr\/wp-json\/wp\/v2\/pages\/9003241321001943\/revisions"}],"predecessor-version":[{"id":9003241321318189,"href":"https:\/\/soundfingers.com\/fr\/wp-json\/wp\/v2\/pages\/9003241321001943\/revisions\/9003241321318189"}],"wp:attachment":[{"href":"https:\/\/soundfingers.com\/fr\/wp-json\/wp\/v2\/media?parent=9003241321001943"}],"curies":[{"name":"wp","href":"https:\/\/api.w.org\/{rel}","templated":true}]}}