{"id":1065390,"date":"2023-07-19T19:02:02","date_gmt":"2023-07-19T17:02:02","guid":{"rendered":"https:\/\/soundfingers.com\/?page_id=1065390"},"modified":"2025-09-09T09:58:09","modified_gmt":"2025-09-09T07:58:09","slug":"page-de-maintenance","status":"publish","type":"page","link":"https:\/\/soundfingers.com\/fr\/maintenance-page\/","title":{"rendered":"Page de maintenance"},"content":{"rendered":"<h1 class=\"wp-block-heading\">SoundFingers<\/h1>\n\nSite Internet en cours de maintenance. Retouche en cours...<br> Je reviens dans une minute, merci de votre patience.\n\nProbl\u00e8me avec Ugent ? Contactez-nous ici et nous vous r\u00e9pondrons dans les plus brefs d\u00e9lais.","protected":false},"excerpt":{"rendered":"<p>SoundFingers Website En cours de maintenance. R\u00e9ajustement en cours... Je serai de retour dans une minute, merci de votre patience. Probl\u00e8me d'agent ? Contactez-nous ici et nous vous r\u00e9pondrons dans les plus brefs d\u00e9lais.<\/p>","protected":false},"author":1,"featured_media":0,"parent":0,"menu_order":0,"comment_status":"closed","ping_status":"closed","template":"","meta":{"_acf_changed":false,"_seopress_robots_primary_cat":"","_seopress_titles_title":"","_seopress_titles_desc":"","_seopress_robots_index":"","iawp_total_views":518,"footnotes":""},"class_list":["post-1065390","page","type-page","status-publish","hentry"],"acf":[],"_links":{"self":[{"href":"https:\/\/soundfingers.com\/fr\/wp-json\/wp\/v2\/pages\/1065390","targetHints":{"allow":["GET"]}}],"collection":[{"href":"https:\/\/soundfingers.com\/fr\/wp-json\/wp\/v2\/pages"}],"about":[{"href":"https:\/\/soundfingers.com\/fr\/wp-json\/wp\/v2\/types\/page"}],"author":[{"embeddable":true,"href":"https:\/\/soundfingers.com\/fr\/wp-json\/wp\/v2\/users\/1"}],"replies":[{"embeddable":true,"href":"https:\/\/soundfingers.com\/fr\/wp-json\/wp\/v2\/comments?post=1065390"}],"version-history":[{"count":2,"href":"https:\/\/soundfingers.com\/fr\/wp-json\/wp\/v2\/pages\/1065390\/revisions"}],"predecessor-version":[{"id":9003241321317691,"href":"https:\/\/soundfingers.com\/fr\/wp-json\/wp\/v2\/pages\/1065390\/revisions\/9003241321317691"}],"wp:attachment":[{"href":"https:\/\/soundfingers.com\/fr\/wp-json\/wp\/v2\/media?parent=1065390"}],"curies":[{"name":"wp","href":"https:\/\/api.w.org\/{rel}","templated":true}]}}