{"id":9003241321310920,"date":"2025-01-14T10:29:18","date_gmt":"2025-01-14T09:29:18","guid":{"rendered":"https:\/\/soundfingers.com\/?post_type=product&#038;p=9003241321310920"},"modified":"2026-03-22T08:22:15","modified_gmt":"2026-03-22T07:22:15","slug":"ethereal-melodica","status":"publish","type":"product","link":"https:\/\/soundfingers.com\/es\/plugins\/ethereal-melodica\/","title":{"rendered":"Mel\u00f3dica et\u00e9rea"},"content":{"rendered":"","protected":false},"excerpt":{"rendered":"<p>Desbloquea Atm\u00f3sferas Espaciosas y Tonos Cl\u00e1sicos Dub con la Mel\u00f3dica Et\u00e9rea.<\/p>","protected":false},"featured_media":9003241321314629,"comment_status":"open","ping_status":"closed","template":"","meta":{"_acf_changed":false,"_seopress_robots_primary_cat":"64","_seopress_titles_title":"","_seopress_titles_desc":"","_seopress_robots_index":"","iawp_total_views":0},"product_brand":[],"product_cat":[64],"product_tag":[],"class_list":{"0":"post-9003241321310920","1":"product","2":"type-product","3":"status-publish","4":"has-post-thumbnail","6":"product_cat-vst-instruments","8":"first","9":"instock","10":"downloadable","11":"virtual","12":"sold-individually","13":"purchasable","14":"product-type-simple"},"acf":[],"_links":{"self":[{"href":"https:\/\/soundfingers.com\/es\/wp-json\/wp\/v2\/product\/9003241321310920","targetHints":{"allow":["GET"]}}],"collection":[{"href":"https:\/\/soundfingers.com\/es\/wp-json\/wp\/v2\/product"}],"about":[{"href":"https:\/\/soundfingers.com\/es\/wp-json\/wp\/v2\/types\/product"}],"replies":[{"embeddable":true,"href":"https:\/\/soundfingers.com\/es\/wp-json\/wp\/v2\/comments?post=9003241321310920"}],"version-history":[{"count":0,"href":"https:\/\/soundfingers.com\/es\/wp-json\/wp\/v2\/product\/9003241321310920\/revisions"}],"wp:featuredmedia":[{"embeddable":true,"href":"https:\/\/soundfingers.com\/es\/wp-json\/wp\/v2\/media\/9003241321314629"}],"wp:attachment":[{"href":"https:\/\/soundfingers.com\/es\/wp-json\/wp\/v2\/media?parent=9003241321310920"}],"wp:term":[{"taxonomy":"product_brand","embeddable":true,"href":"https:\/\/soundfingers.com\/es\/wp-json\/wp\/v2\/product_brand?post=9003241321310920"},{"taxonomy":"product_cat","embeddable":true,"href":"https:\/\/soundfingers.com\/es\/wp-json\/wp\/v2\/product_cat?post=9003241321310920"},{"taxonomy":"product_tag","embeddable":true,"href":"https:\/\/soundfingers.com\/es\/wp-json\/wp\/v2\/product_tag?post=9003241321310920"}],"curies":[{"name":"wp","href":"https:\/\/api.w.org\/{rel}","templated":true}]}}