{"id":9003241321310329,"date":"2024-08-25T10:20:06","date_gmt":"2024-08-25T08:20:06","guid":{"rendered":"https:\/\/soundfingers.com\/?post_type=product&#038;p=9003241321310329"},"modified":"2025-11-01T07:36:38","modified_gmt":"2025-11-01T06:36:38","slug":"dread-drumz","status":"publish","type":"product","link":"https:\/\/soundfingers.com\/es\/plugins\/dread-drumz\/","title":{"rendered":"Dread Drumz"},"content":{"rendered":"<h3><strong>Resumen del producto:<\/strong><\/h3>\n<p>Dread Drumz redefine la forma en que productores y m\u00fasicos crean sonidos de bater\u00eda para roots, reggae, dub y mucho m\u00e1s. Compatible con los formatos VST3, AU y AAX, se integra a la perfecci\u00f3n en cualquier DAW. Crea grooves de bater\u00eda aut\u00e9nticos y potentes para cualquier g\u00e9nero que requiera ritmos profundos y resonantes.<\/p>\n<h3><strong>Caracter\u00edsticas principales:<\/strong><\/h3>\n<p><strong>Massive Biblioteca de muestras de bater\u00eda:<\/strong> Accede tanto a kits de reggae cl\u00e1sicos como a sonidos de bater\u00eda modernos y vanguardistas, perfectos para dub, reggaeton, electro dub y mucho m\u00e1s.<\/p>\n<p><strong>Personalizaci\u00f3n completa del sonido:<\/strong> Mezcla, ajusta y superpone muestras de bater\u00eda para crear tus propios kits. Utiliza los racks de efectos integrados para a\u00f1adir profundidad, distorsi\u00f3n y car\u00e1cter a cada golpe de bater\u00eda.<\/p>\n<p><strong>Amplia colecci\u00f3n de bucles MIDI:<\/strong> Explora una amplia variedad de bucles MIDI, incluidos grooves, rellenos, intros y breaks, para despertar la inspiraci\u00f3n y agilizar tu flujo de trabajo.<\/p>\n<p>Dread Drumz ofrece compatibilidad total con los formatos VST3, AU y AAX, garantizando una integraci\u00f3n sin esfuerzo en cualquier DAW importante.<\/p>\n<h3><strong>Ventajas:<\/strong><\/h3>\n<p>Con Dread Drumz, tendr\u00e1s todo lo que necesitas para crear sonidos de bater\u00eda \u00fanicos y definitorios del g\u00e9nero en un solo plugin. La amplia biblioteca de muestras de bater\u00eda y bucles MIDI elimina la necesidad de paquetes de sonido o plugins adicionales, simplificando tu proceso de producci\u00f3n.<\/p>\n<p><strong>Creative Drum Sound Control:<\/strong> Controla totalmente el sonido de tu bater\u00eda con infinitas opciones de personalizaci\u00f3n. Mezcla y combina samples, ajusta los efectos y consigue el kit perfecto para tu pista, todo con facilidad.<\/p>\n<p>La interfaz intuitiva y los efectos integrados te ayudan a ahorrar tiempo, para que puedas centrarte en hacer m\u00fasica, no en ajustar la configuraci\u00f3n.<\/p>\n<h3><strong>\u00bfPor qu\u00e9 elegir Dread Drumz?<\/strong><\/h3>\n<p>Dread Drumz es el plugin de bater\u00eda definitivo para los productores que quieren ritmos aut\u00e9nticos y potentes. Tanto si est\u00e1s creando ritmos cl\u00e1sicos de reggae, modernos grooves de dub o ritmos experimentales, Dread Drumz tiene las herramientas para dar vida a tu sonido. Consigue la bater\u00eda m\u00e1s pesada y vers\u00e1til en tus producciones con Dread Drumz.<\/p>","protected":false},"excerpt":{"rendered":"<p>Product Overview: Dread Drumz redefines how producers and musicians craft drum sounds for roots, reggae, dub, and beyond. Compatible with VST3, AU, and AAX formats, it fits seamlessly into any DAW. Create authentic, powerful drum grooves for any genre that demands deep, resonant beats. Key Features: Massive Drum Sample Library: Get access to both classic [&hellip;]<\/p>\n","protected":false},"featured_media":9003241321316494,"comment_status":"open","ping_status":"closed","template":"","meta":{"_acf_changed":false,"_seopress_robots_primary_cat":"none","_seopress_titles_title":"","_seopress_titles_desc":"","_seopress_robots_index":"","iawp_total_views":0},"product_brand":[],"product_cat":[447,64],"product_tag":[],"class_list":{"0":"post-9003241321310329","1":"product","2":"type-product","3":"status-publish","4":"has-post-thumbnail","6":"product_cat-drums","7":"product_cat-vst-instruments","9":"first","10":"instock","11":"sale","12":"downloadable","13":"virtual","14":"sold-individually","15":"purchasable","16":"product-type-simple"},"acf":[],"_links":{"self":[{"href":"https:\/\/soundfingers.com\/es\/wp-json\/wp\/v2\/product\/9003241321310329","targetHints":{"allow":["GET"]}}],"collection":[{"href":"https:\/\/soundfingers.com\/es\/wp-json\/wp\/v2\/product"}],"about":[{"href":"https:\/\/soundfingers.com\/es\/wp-json\/wp\/v2\/types\/product"}],"replies":[{"embeddable":true,"href":"https:\/\/soundfingers.com\/es\/wp-json\/wp\/v2\/comments?post=9003241321310329"}],"version-history":[{"count":0,"href":"https:\/\/soundfingers.com\/es\/wp-json\/wp\/v2\/product\/9003241321310329\/revisions"}],"wp:featuredmedia":[{"embeddable":true,"href":"https:\/\/soundfingers.com\/es\/wp-json\/wp\/v2\/media\/9003241321316494"}],"wp:attachment":[{"href":"https:\/\/soundfingers.com\/es\/wp-json\/wp\/v2\/media?parent=9003241321310329"}],"wp:term":[{"taxonomy":"product_brand","embeddable":true,"href":"https:\/\/soundfingers.com\/es\/wp-json\/wp\/v2\/product_brand?post=9003241321310329"},{"taxonomy":"product_cat","embeddable":true,"href":"https:\/\/soundfingers.com\/es\/wp-json\/wp\/v2\/product_cat?post=9003241321310329"},{"taxonomy":"product_tag","embeddable":true,"href":"https:\/\/soundfingers.com\/es\/wp-json\/wp\/v2\/product_tag?post=9003241321310329"}],"curies":[{"name":"wp","href":"https:\/\/api.w.org\/{rel}","templated":true}]}}