{"id":894157,"date":"2022-01-05T16:03:21","date_gmt":"2022-01-05T15:03:21","guid":{"rendered":"https:\/\/soundfingers.com\/?post_type=product&#038;p=894157"},"modified":"2026-03-22T08:22:36","modified_gmt":"2026-03-22T07:22:36","slug":"le-skank-reggae-plugin","status":"publish","type":"product","link":"https:\/\/soundfingers.com\/es\/plugins\/le-skank-reggae-plugin\/","title":{"rendered":"Le Skank - Acordes de guitarra reggae"},"content":{"rendered":"","protected":false},"excerpt":{"rendered":"<p>Le Skank introduce acordes de guitarra de reggae realistas en tu estaci\u00f3n de trabajo de audio digital (DAW), capturando el coraz\u00f3n y el alma de este g\u00e9nero ic\u00f3nico.<br \/>\nExplore posibilidades ilimitadas con un intrincado sistema de selecci\u00f3n de amplificador y cabina, con docenas de opciones para una personalizaci\u00f3n definitiva.<\/p>","protected":false},"featured_media":9003241321308905,"comment_status":"open","ping_status":"closed","template":"","meta":{"_acf_changed":false,"_seopress_robots_primary_cat":"none","_seopress_titles_title":"%%post_title%% %%sep%% SoundFingers","_seopress_titles_desc":"Le Skank is a Reggae guitar skank player, fully equipped with different pickups, a wide selection of amps and cabs, and a full effect rack. (VST3\/AU\/AAX)","_seopress_robots_index":"","iawp_total_views":9454},"product_brand":[],"product_cat":[64],"product_tag":[70,21,66,65,67],"class_list":{"0":"post-894157","1":"product","2":"type-product","3":"status-publish","4":"has-post-thumbnail","6":"product_cat-vst-instruments","7":"product_tag-dub","8":"product_tag-guitar","9":"product_tag-instrument","10":"product_tag-reggae","11":"product_tag-vst","13":"first","14":"instock","15":"downloadable","16":"virtual","17":"sold-individually","18":"purchasable","19":"product-type-simple"},"acf":[],"_links":{"self":[{"href":"https:\/\/soundfingers.com\/es\/wp-json\/wp\/v2\/product\/894157","targetHints":{"allow":["GET"]}}],"collection":[{"href":"https:\/\/soundfingers.com\/es\/wp-json\/wp\/v2\/product"}],"about":[{"href":"https:\/\/soundfingers.com\/es\/wp-json\/wp\/v2\/types\/product"}],"replies":[{"embeddable":true,"href":"https:\/\/soundfingers.com\/es\/wp-json\/wp\/v2\/comments?post=894157"}],"version-history":[{"count":0,"href":"https:\/\/soundfingers.com\/es\/wp-json\/wp\/v2\/product\/894157\/revisions"}],"wp:featuredmedia":[{"embeddable":true,"href":"https:\/\/soundfingers.com\/es\/wp-json\/wp\/v2\/media\/9003241321308905"}],"wp:attachment":[{"href":"https:\/\/soundfingers.com\/es\/wp-json\/wp\/v2\/media?parent=894157"}],"wp:term":[{"taxonomy":"product_brand","embeddable":true,"href":"https:\/\/soundfingers.com\/es\/wp-json\/wp\/v2\/product_brand?post=894157"},{"taxonomy":"product_cat","embeddable":true,"href":"https:\/\/soundfingers.com\/es\/wp-json\/wp\/v2\/product_cat?post=894157"},{"taxonomy":"product_tag","embeddable":true,"href":"https:\/\/soundfingers.com\/es\/wp-json\/wp\/v2\/product_tag?post=894157"}],"curies":[{"name":"wp","href":"https:\/\/api.w.org\/{rel}","templated":true}]}}