{"id":1064056,"date":"2023-02-26T21:49:38","date_gmt":"2023-02-26T20:49:38","guid":{"rendered":"https:\/\/soundfingers.com\/?post_type=product&#038;p=1064056"},"modified":"2026-03-22T08:22:27","modified_gmt":"2026-03-22T07:22:27","slug":"basstone-x","status":"publish","type":"product","link":"https:\/\/soundfingers.com\/es\/plugins\/basstone-x\/","title":{"rendered":"BassTone X"},"content":{"rendered":"<p data-block-id=\"2c47ab91-b604-4972-8e54-932dd26bc292\" data-pm-slice=\"1 1 []\"><img data-dominant-color=\"26292a\" data-has-transparency=\"false\" style=\"--dominant-color: #26292a;\" loading=\"lazy\" decoding=\"async\" class=\"alignnone wp-image-9003241321303742 size-medium not-transparent\" src=\"https:\/\/soundfingers.com\/wp-content\/uploads\/2023\/11\/BTX-Ad-Square-1-300x300.png\" alt=\"Visualizaci\u00f3n del complemento BassTone X\" width=\"300\" height=\"300\" srcset=\"https:\/\/soundfingers.com\/wp-content\/uploads\/2023\/11\/BTX-Ad-Square-1-300x300.png 300w, https:\/\/soundfingers.com\/wp-content\/uploads\/2023\/11\/BTX-Ad-Square-1-500x500.webp 500w, https:\/\/soundfingers.com\/wp-content\/uploads\/2023\/11\/BTX-Ad-Square-1-1080x1080.webp 1080w, https:\/\/soundfingers.com\/wp-content\/uploads\/2023\/11\/BTX-Ad-Square-1-12x12.webp 12w, https:\/\/soundfingers.com\/wp-content\/uploads\/2023\/11\/BTX-Ad-Square-1-150x150.png 150w, https:\/\/soundfingers.com\/wp-content\/uploads\/2023\/11\/BTX-Ad-Square-1-768x768.png 768w, https:\/\/soundfingers.com\/wp-content\/uploads\/2023\/11\/BTX-Ad-Square-1-600x600.png 600w, https:\/\/soundfingers.com\/wp-content\/uploads\/2023\/11\/BTX-Ad-Square-1-100x100.png 100w, https:\/\/soundfingers.com\/wp-content\/uploads\/2023\/11\/BTX-Ad-Square-1-1024x1024.png 1024w, https:\/\/soundfingers.com\/wp-content\/uploads\/2023\/11\/BTX-Ad-Square-1-90x90.png 90w, https:\/\/soundfingers.com\/wp-content\/uploads\/2023\/11\/BTX-Ad-Square-1-png.webp 1200w\" sizes=\"auto, (max-width: 300px) 100vw, 300px\" \/><\/p>\n<p data-block-id=\"2c47ab91-b604-4972-8e54-932dd26bc292\" data-pm-slice=\"1 1 []\"><strong>Resumen del producto:<\/strong><\/p>\n<p data-block-id=\"6dcfa15f-bdaa-4ffd-b8c5-37b0b36ee091\">BassTone X transforma la forma en que productores y m\u00fasicos crean sonidos de bajo. Funciona con formatos VST3, AU y AAX, adapt\u00e1ndose a cualquier DAW. Crea potentes l\u00edneas de bajo para Dub y m\u00fasica con muchos graves.<\/p>\n<p data-block-id=\"0cf51c45-74d2-4d45-94ba-e5f35bba69d2\"><strong>Caracter\u00edsticas principales:<\/strong><\/p>\n<ul data-block-id=\"f941abdb-4fa1-4ebb-b5cb-bc3587a9211a\">\n<li>\n<p data-block-id=\"068aa049-0d09-4963-afba-24ab028bfb86\">**Flexibilidad de doble motor:** Fusiona bajos reales con un motor sint\u00e9tico para obtener diversos tonos.<\/p>\n<\/li>\n<li>\n<p data-block-id=\"8d5cee52-8ca7-458e-9a20-aacf539ec919\">**Amplia gama de sonidos:** Puedes obtener bajos cl\u00e1sicos c\u00e1lidos, subgraves profundos y bajos sint\u00e9ticos resonantes para cualquier pista.<\/p>\n<\/li>\n<li>\n<p data-block-id=\"15f6a997-8d9c-47ac-b193-08eb272fd529\">**Interfaz f\u00e1cil de usar:** BassTone X se adapta a principiantes y profesionales. Tiene una interfaz sencilla. Permite crear tonos de bajo de forma r\u00e1pida y sencilla.<\/p>\n<\/li>\n<li>\n<p data-block-id=\"30ec434b-1eb6-4317-ae56-4572a57209ea\">El **Built-in Effects Rack** realza los sonidos de baja frecuencia, dando profundidad a las l\u00edneas de bajo sin esfuerzo. Est\u00e1 dise\u00f1ado para enriquecer tu m\u00fasica sin necesidad de plugins adicionales.<\/p>\n<\/li>\n<li>\n<p data-block-id=\"34b34815-7e26-4653-86a3-565e276bb704\">Totalmente compatible con los principales DAW a trav\u00e9s de los formatos VST3, AU y AAX. Garantiza una integraci\u00f3n perfecta en tu flujo de trabajo de producci\u00f3n.<\/p>\n<\/li>\n<\/ul>\n<p data-block-id=\"8ce47bcf-afa7-43af-a5c2-3df199d39b56\"><strong>Ventajas:<\/strong><\/p>\n<ul data-block-id=\"6be6975e-e11e-441f-8a44-db6b9c891886\">\n<li>\n<p data-block-id=\"9992741e-e896-43df-948c-a8228f021df3\">Con sus funciones de dise\u00f1o de sonido, BassTone X simplifica la obtenci\u00f3n de graves ricos. Elimina la necesidad de muchos plugins, agilizando la producci\u00f3n.<\/p>\n<\/li>\n<li>\n<p data-block-id=\"c032cb65-bb8a-4c31-b000-de7d7b47d18b\">**Creaci\u00f3n de sonidos personalizables:** Puedes personalizar los sonidos ampliamente. Mezcla samples y sonidos sint\u00e9ticos, ajusta los efectos y afina los par\u00e1metros para conseguir l\u00edneas de bajo \u00fanicas.<\/p>\n<\/li>\n<li>\n<p data-block-id=\"22779f13-d624-4284-907b-34a373176a0a\">La sencilla interfaz y los efectos integrados reducen el tiempo de producci\u00f3n. Ahora puede centrarse en la creatividad, no en los ajustes t\u00e9cnicos.<\/p>\n<\/li>\n<\/ul>\n<p data-block-id=\"4f50d757-b313-4782-ab85-178ab4fea55a\"><strong>\u00bfPor qu\u00e9 elegir BassTone X?<\/strong><\/p>\n<p data-block-id=\"833f4471-93bb-4d8d-a804-698bb7e7b3a7\">El BassTone X es ideal para productores que buscan sonidos de bajo innovadores. \u00bfTe gustan los \u00e9xitos de Dub, la m\u00fasica electr\u00f3nica o las vibraciones heavy-bass? BassTone X tiene las herramientas para conseguir grandes graves. Abrace el poder de los bajos profundos y eleve su producci\u00f3n musical con BassTone X.<\/p>","protected":false},"excerpt":{"rendered":"<p>Experimente la potencia de las l\u00edneas de bajo profundas y retumbantes y las ricas subfrecuencias como nunca antes con BassTone X, el innovador instrumento h\u00edbrido dise\u00f1ado para productores de m\u00fasica reggae y dub.<\/p>","protected":false},"featured_media":9003241321310060,"comment_status":"open","ping_status":"closed","template":"","meta":{"_acf_changed":false,"_seopress_robots_primary_cat":"none","_seopress_titles_title":"%%post_title%% - Deep Dub Basses | SoundFingers","_seopress_titles_desc":"Experience the power of Deep Dub basses by SoundFingers. BassTone X is a groundbreaking hybrid instrument designed for Reggae, Dub... and more.","_seopress_robots_index":"","iawp_total_views":6191},"product_brand":[],"product_cat":[64],"product_tag":[],"class_list":{"0":"post-1064056","1":"product","2":"type-product","3":"status-publish","4":"has-post-thumbnail","6":"product_cat-vst-instruments","8":"first","9":"instock","10":"downloadable","11":"virtual","12":"sold-individually","13":"purchasable","14":"product-type-simple"},"acf":[],"_links":{"self":[{"href":"https:\/\/soundfingers.com\/es\/wp-json\/wp\/v2\/product\/1064056","targetHints":{"allow":["GET"]}}],"collection":[{"href":"https:\/\/soundfingers.com\/es\/wp-json\/wp\/v2\/product"}],"about":[{"href":"https:\/\/soundfingers.com\/es\/wp-json\/wp\/v2\/types\/product"}],"replies":[{"embeddable":true,"href":"https:\/\/soundfingers.com\/es\/wp-json\/wp\/v2\/comments?post=1064056"}],"version-history":[{"count":0,"href":"https:\/\/soundfingers.com\/es\/wp-json\/wp\/v2\/product\/1064056\/revisions"}],"wp:featuredmedia":[{"embeddable":true,"href":"https:\/\/soundfingers.com\/es\/wp-json\/wp\/v2\/media\/9003241321310060"}],"wp:attachment":[{"href":"https:\/\/soundfingers.com\/es\/wp-json\/wp\/v2\/media?parent=1064056"}],"wp:term":[{"taxonomy":"product_brand","embeddable":true,"href":"https:\/\/soundfingers.com\/es\/wp-json\/wp\/v2\/product_brand?post=1064056"},{"taxonomy":"product_cat","embeddable":true,"href":"https:\/\/soundfingers.com\/es\/wp-json\/wp\/v2\/product_cat?post=1064056"},{"taxonomy":"product_tag","embeddable":true,"href":"https:\/\/soundfingers.com\/es\/wp-json\/wp\/v2\/product_tag?post=1064056"}],"curies":[{"name":"wp","href":"https:\/\/api.w.org\/{rel}","templated":true}]}}