{"id":9003241321305714,"date":"2024-02-12T23:36:11","date_gmt":"2024-02-12T22:36:11","guid":{"rendered":"https:\/\/soundfingers.com\/?page_id=9003241321305714"},"modified":"2024-04-15T01:19:25","modified_gmt":"2024-04-14T23:19:25","slug":"inicio-de-sesion","status":"publish","type":"page","link":"https:\/\/soundfingers.com\/es\/login\/","title":{"rendered":"Inicio de sesi\u00f3n"},"content":{"rendered":"Copyright \u00a9 {echo:date('Y')} - SoundFingers\n\n<p><a class=\"legal-link\" href=\"https:\/\/soundfingers.com\/es\/documento-legal\/terms-conditions\/\">Condiciones generales <\/a><a class=\"legal-link\" href=\"https:\/\/soundfingers.com\/es\/eula\/\">CLUF<\/a> <a class=\"legal-link\" href=\"https:\/\/soundfingers.com\/es\/documento-legal\/privacy-statement-eu\/\">Declaraci\u00f3n de confidencialidad<\/a> <a class=\"legal-link\" href=\"https:\/\/soundfingers.com\/es\/documento-legal\/cookie-policy\/\">Pol\u00edtica de cookies<\/a><\/p>\n\n\n\n<h1 class=\"wp-block-heading\">Iniciar sesi\u00f3n<\/h1>\n\nYa has iniciado sesi\u00f3n.<br>Puede visitar la p\u00e1gina de su cuenta <a href=\"https:\/\/soundfingers.com\/es\/mi-cuenta\/\" class=\"underline-link-sf\">aqu\u00ed<\/a>.\n\n\n\n<p>\u00bfHa olvidado su contrase\u00f1a? <a href=\"https:\/\/soundfingers.com\/es\/contrasena-perdida\/\">Restablecer contrase\u00f1a<\/a>.<\/p>\n<p>\u00bfA\u00fan no tiene cuenta? <a href=\"https:\/\/soundfingers.com\/es\/inscribete\/\">Reg\u00edstrese ahora<\/a>.<\/p>\n\nMostrar contrase\u00f1a","protected":false},"excerpt":{"rendered":"<p>Copyright \u00a9 {echo:date('Y')} - SoundFingers T\u00e9rminos y condiciones EULA Declaraci\u00f3n de privacidad Pol\u00edtica de cookies Iniciar sesi\u00f3n Ya ha iniciado sesi\u00f3n. Puede visitar la p\u00e1gina de su cuenta aqu\u00ed. \u00bfHa olvidado su contrase\u00f1a? Restablezca su contrase\u00f1a. \u00bfA\u00fan no tiene cuenta? Reg\u00edstrese ahora. Mostrar contrase\u00f1a<\/p>","protected":false},"author":1,"featured_media":0,"parent":0,"menu_order":0,"comment_status":"closed","ping_status":"closed","template":"","meta":{"_acf_changed":false,"_seopress_robots_primary_cat":"","_seopress_titles_title":"","_seopress_titles_desc":"","_seopress_robots_index":"","iawp_total_views":0,"footnotes":""},"class_list":["post-9003241321305714","page","type-page","status-publish","hentry"],"acf":[],"_links":{"self":[{"href":"https:\/\/soundfingers.com\/es\/wp-json\/wp\/v2\/pages\/9003241321305714","targetHints":{"allow":["GET"]}}],"collection":[{"href":"https:\/\/soundfingers.com\/es\/wp-json\/wp\/v2\/pages"}],"about":[{"href":"https:\/\/soundfingers.com\/es\/wp-json\/wp\/v2\/types\/page"}],"author":[{"embeddable":true,"href":"https:\/\/soundfingers.com\/es\/wp-json\/wp\/v2\/users\/1"}],"replies":[{"embeddable":true,"href":"https:\/\/soundfingers.com\/es\/wp-json\/wp\/v2\/comments?post=9003241321305714"}],"version-history":[{"count":0,"href":"https:\/\/soundfingers.com\/es\/wp-json\/wp\/v2\/pages\/9003241321305714\/revisions"}],"wp:attachment":[{"href":"https:\/\/soundfingers.com\/es\/wp-json\/wp\/v2\/media?parent=9003241321305714"}],"curies":[{"name":"wp","href":"https:\/\/api.w.org\/{rel}","templated":true}]}}