{"id":9003241321305712,"date":"2024-02-12T23:33:57","date_gmt":"2024-02-12T22:33:57","guid":{"rendered":"https:\/\/soundfingers.com\/?page_id=9003241321305712"},"modified":"2025-03-26T17:09:58","modified_gmt":"2025-03-26T16:09:58","slug":"contrasena-perdida","status":"publish","type":"page","link":"https:\/\/soundfingers.com\/es\/password-lost\/","title":{"rendered":"Contrase\u00f1a perdida"},"content":{"rendered":"<h2 class=\"wp-block-heading\">\u00bfHa perdido su contrase\u00f1a?<\/h2>\n\nIntroduzca la direcci\u00f3n de correo electr\u00f3nico de su cuenta. Recibir\u00e1 un enlace para crear una nueva contrase\u00f1a por correo electr\u00f3nico.\n\nCopyright \u00a9 {echo:date('Y')} - SoundFingers\n\n<p><a class=\"legal-link\" href=\"https:\/\/soundfingers.com\/es\/documento-legal\/terms-conditions\/\">Condiciones generales <\/a><a class=\"legal-link\" href=\"https:\/\/soundfingers.com\/es\/eula\/\">CLUF<\/a> <a class=\"legal-link\" href=\"https:\/\/soundfingers.com\/es\/documento-legal\/privacy-statement-eu\/\">Declaraci\u00f3n de confidencialidad<\/a> <a class=\"legal-link\" href=\"https:\/\/soundfingers.com\/es\/documento-legal\/cookie-policy\/\">Pol\u00edtica de cookies<\/a><\/p>","protected":false},"excerpt":{"rendered":"<p>\u00bfHa perdido su contrase\u00f1a? Introduzca la direcci\u00f3n de correo electr\u00f3nico de su cuenta. Recibir\u00e1 un enlace para crear una nueva contrase\u00f1a por correo electr\u00f3nico. Copyright \u00a9 {echo:date('Y')} - SoundFingers T\u00e9rminos y condiciones EULA Declaraci\u00f3n de privacidad Pol\u00edtica de cookies<\/p>","protected":false},"author":1,"featured_media":0,"parent":0,"menu_order":0,"comment_status":"closed","ping_status":"closed","template":"","meta":{"_acf_changed":false,"_seopress_robots_primary_cat":"","_seopress_titles_title":"","_seopress_titles_desc":"","_seopress_robots_index":"yes","iawp_total_views":0,"footnotes":""},"class_list":["post-9003241321305712","page","type-page","status-publish","hentry"],"acf":[],"_links":{"self":[{"href":"https:\/\/soundfingers.com\/es\/wp-json\/wp\/v2\/pages\/9003241321305712","targetHints":{"allow":["GET"]}}],"collection":[{"href":"https:\/\/soundfingers.com\/es\/wp-json\/wp\/v2\/pages"}],"about":[{"href":"https:\/\/soundfingers.com\/es\/wp-json\/wp\/v2\/types\/page"}],"author":[{"embeddable":true,"href":"https:\/\/soundfingers.com\/es\/wp-json\/wp\/v2\/users\/1"}],"replies":[{"embeddable":true,"href":"https:\/\/soundfingers.com\/es\/wp-json\/wp\/v2\/comments?post=9003241321305712"}],"version-history":[{"count":0,"href":"https:\/\/soundfingers.com\/es\/wp-json\/wp\/v2\/pages\/9003241321305712\/revisions"}],"wp:attachment":[{"href":"https:\/\/soundfingers.com\/es\/wp-json\/wp\/v2\/media?parent=9003241321305712"}],"curies":[{"name":"wp","href":"https:\/\/api.w.org\/{rel}","templated":true}]}}