{"id":9003241321302655,"date":"2023-07-22T18:29:44","date_gmt":"2023-07-22T16:29:44","guid":{"rendered":"https:\/\/soundfingers.com\/?page_id=9003241321302655"},"modified":"2026-02-22T10:32:20","modified_gmt":"2026-02-22T09:32:20","slug":"plugin-gratuito-2","status":"publish","type":"page","link":"https:\/\/soundfingers.com\/es\/freebies\/","title":{"rendered":"Plugins gratuitos"},"content":{"rendered":"<h1 class=\"wp-block-heading\">Incluso nuestros plugins gratuitos ofrecen un sonido profesional.<\/h1>\n\n<h2 class=\"wp-block-heading\">{post_title}<\/h2>\n\n{post_excerpt}\n\n{acf_promo}\n\n<ul class=\"wp-block-list\">\n<li>{acf_main_feature_1}<\/li>\n<li>{acf_main_feature_2}<\/li>\n<li>{acf_main_feature_3}<\/li>\n<li>{acf_main_feature_4}<\/li>\n<li>{acf_main_feature_5}<\/li>\n<\/ul>\n\nSuscribirse al bolet\u00edn\n\n\n\n<div class=\"wp-block-buttons is-layout-flex wp-block-buttons-is-layout-flex\"><div class=\"wp-block-button\"><a class=\"wp-block-button__link\">M\u00e1s informaci\u00f3n<\/a><\/div><\/div>\n\n\u00a1Suscr\u00edbete!\n\nDescarga nuestros regalos: Descubra lo que SoundFingers puede ofrecerle.<br>Suscr\u00edbase a nuestro bolet\u00edn para obtener incre\u00edbles plugins gratuitos.\n\n<p>Suscr\u00edbase a nuestro bolet\u00edn para recibir <strong>15% off<\/strong> su primer pedido y <strong>plugins gratuitos exclusivos<\/strong>:<\/p>","protected":false},"excerpt":{"rendered":"<p>Even our free plugins offer profesionnal sound. {post_title} {post_excerpt} {acf_promo} {acf_main_feature_1} {acf_main_feature_2} {acf_main_feature_3} {acf_main_feature_4} {acf_main_feature_5} Subscribe to the Newsletter Subscribe! Download our freebies: Get a taste of what SoundFingers have to offer!Subscribe to our newsletter to get amazing free plugins. Subscribe to our Newsletter to receive 15% off your first order and exclusive free plugins:<\/p>","protected":false},"author":1,"featured_media":0,"parent":0,"menu_order":0,"comment_status":"closed","ping_status":"closed","template":"","meta":{"_acf_changed":false,"_seopress_robots_primary_cat":"","_seopress_titles_title":"","_seopress_titles_desc":"Download our freebies! Get a taste of what SoundFingers have to offer: subscribe to our newsletter to get amazing free plugins.","_seopress_robots_index":"","iawp_total_views":0,"footnotes":""},"class_list":["post-9003241321302655","page","type-page","status-publish","hentry"],"acf":[],"_links":{"self":[{"href":"https:\/\/soundfingers.com\/es\/wp-json\/wp\/v2\/pages\/9003241321302655","targetHints":{"allow":["GET"]}}],"collection":[{"href":"https:\/\/soundfingers.com\/es\/wp-json\/wp\/v2\/pages"}],"about":[{"href":"https:\/\/soundfingers.com\/es\/wp-json\/wp\/v2\/types\/page"}],"author":[{"embeddable":true,"href":"https:\/\/soundfingers.com\/es\/wp-json\/wp\/v2\/users\/1"}],"replies":[{"embeddable":true,"href":"https:\/\/soundfingers.com\/es\/wp-json\/wp\/v2\/comments?post=9003241321302655"}],"version-history":[{"count":6,"href":"https:\/\/soundfingers.com\/es\/wp-json\/wp\/v2\/pages\/9003241321302655\/revisions"}],"predecessor-version":[{"id":9003241321318549,"href":"https:\/\/soundfingers.com\/es\/wp-json\/wp\/v2\/pages\/9003241321302655\/revisions\/9003241321318549"}],"wp:attachment":[{"href":"https:\/\/soundfingers.com\/es\/wp-json\/wp\/v2\/media?parent=9003241321302655"}],"curies":[{"name":"wp","href":"https:\/\/api.w.org\/{rel}","templated":true}]}}