{"id":9003241321002093,"date":"2023-06-30T00:13:54","date_gmt":"2023-06-29T22:13:54","guid":{"rendered":"https:\/\/dev.soundfingers.com\/?page_id=1067525"},"modified":"2024-03-21T15:47:10","modified_gmt":"2024-03-21T14:47:10","slug":"eula","status":"publish","type":"page","link":"https:\/\/soundfingers.com\/es\/eula\/","title":{"rendered":"CLUF"},"content":{"rendered":"<h2 class=\"wp-block-heading\">1. General<\/h2>\n\n<h2 class=\"wp-block-heading\">2. 2. \u00c1mbito de aplicaci\u00f3n<\/h2>\n\n1.1 - El siguiente Contrato de Licencia de Usuario Final (\"CLUF\") representa las condiciones contractuales entre usted (\"Licenciatario\") y SoundFingers, 17 rue de Saint Di\u00e9, 67100 STRASBOURG, Francia (\"SoundFingers\") para el uso del software, incluidos los soportes relacionados, la documentaci\u00f3n (por ejemplo, descripciones de programas, manuales) y otros documentos y materiales fabricados por SoundFingers (\"Producto(s)\").\n\n1.2 - Al instalar y registrar el software en su ordenador, usted declara estar de acuerdo con estas condiciones. Si no est\u00e1 de acuerdo con estas condiciones, no debe instalar el software.\n\n2.1 - Los Productos de SoundFingers est\u00e1n protegidos por la ley. La propiedad intelectual de los Productos corresponde a SoundFingers. El Licenciatario adquiere \u00fanicamente el derecho a utilizar el Producto en la siguiente medida. Cualquier otro uso o explotaci\u00f3n no concedido expl\u00edcitamente al Licenciatario en este CLUF no estar\u00e1 permitido sin el consentimiento por escrito de SoundFingers. En concreto, el Licenciatario no tiene derecho a copiar o hacer copiar, descompilar o hacer descompilar, aplicar ingenier\u00eda inversa o hacer ingenier\u00eda inversa al Producto o a partes del mismo. El Licenciatario deber\u00e1 garantizar mediante medidas adecuadas y razonables que terceros, incluidos sus propios empleados, no puedan hacer un uso no autorizado del Producto. El Licenciatario ser\u00e1 responsable ante SoundFingers de cualquier p\u00e9rdida o da\u00f1o en este contexto.\n\n2.2 - SoundFingers concede al Licenciatario el derecho no exclusivo, sin restricciones de tiempo o lugar, a utilizar los Productos. SoundFingers no est\u00e1 obligado a ceder el c\u00f3digo fuente subyacente del software, incluida la documentaci\u00f3n de desarrollo asociada.\n\n2.3 - El Licenciatario podr\u00e1 instalar y utilizar personalmente el software licenciado en tres dispositivos (por ejemplo, un ordenador, un port\u00e1til, una estaci\u00f3n de trabajo), siempre que dicho software se utilice \u00fanicamente en un dispositivo de forma regular. No se permite el uso simult\u00e1neo en m\u00e1s de un dispositivo de hardware. Los Productos no podr\u00e1n ser utilizados en red por m\u00faltiples usuarios, a menos que cada uno de ellos posea una licencia. En caso de que el Licenciatario cambie el hardware, deber\u00e1 eliminar todo el software del hardware utilizado.\n\n2.4 - El Licenciatario puede copiar el software licenciado, si dicha reproducci\u00f3n es necesaria para el uso acordado contractualmente. El Licenciatario est\u00e1 autorizado a crear una copia de seguridad, si esto es necesario para asegurar el uso futuro.\n\n2.5 - El Licenciatario no est\u00e1 autorizado a modificar el software, a menos que sea para preservar o restaurar las funciones acordadas del software adquirido.\n\n2.7 - En caso de que una biblioteca de sonidos forme parte del Producto adquirido, se aplicar\u00e1 el siguiente Acuerdo de Licencia de Sonido adem\u00e1s del CLUF:<br><br>Las muestras, instrumentos y presets proporcionados pueden utilizarse para producciones musicales y de audio comerciales o no comerciales sin el permiso previo de SoundFingers seg\u00fan los t\u00e9rminos de este Acuerdo de Licencia de Sonido. Queda estrictamente prohibido el uso de este Producto (en particular las muestras, instrumentos y presets) para la creaci\u00f3n de una biblioteca de sonidos o como biblioteca de sonidos para cualquier tipo de sintetizador, instrumento virtual, biblioteca de muestras, producto basado en muestras u otro instrumento musical. Las muestras individuales, conjuntos de sonidos o bucles de audio no pueden distribuirse (comercialmente o de otro modo) de forma independiente. Adem\u00e1s, estas muestras, conjuntos de sonidos o audio no podr\u00e1n ser reempaquetados en su totalidad o en parte como muestras de audio, bibliotecas de sonidos o efectos de sonido.\n\n2.6 - Terceros\n\na) Queda expresamente prohibido alquilar o prestar el Software licenciado a terceros.\n\nb) Salvo que se indique lo contrario en este CLUF, el Licenciatario podr\u00e1 revender el software a un tercero o transferir el software de forma permanente y gratuita, siempre y cuando el tercero acepte por escrito este CLUF y el Licenciatario cese todo uso del software, elimine completamente de su ordenador todas las copias instaladas del software y - si el software no se adquiri\u00f3 mediante descarga - elimine o transfiera el almacenamiento de datos original al tercero (si el Licenciatario no est\u00e1 obligado por ley a un almacenamiento m\u00e1s prolongado).\n\na) Los bundles (paquetes de productos consistentes en hardware y software o paquetes de s\u00f3lo software) s\u00f3lo pueden ser revendidos \/ transferidos como un todo. Los componentes individuales de un paquete no podr\u00e1n revenderse o cederse por separado.\n\nb) Los Productos de SoundFingers etiquetados o suministrados de cualquier otro modo como \"Versiones de demostraci\u00f3n\" s\u00f3lo podr\u00e1n utilizarse con fines de demostraci\u00f3n, prueba y evaluaci\u00f3n. Las versiones de demostraci\u00f3n no deben utilizarse con fines comerciales ni revenderse o transferirse.\n\n2.8 - Adem\u00e1s, para determinados Productos de SoundFingers se aplicar\u00e1 lo siguiente:\n\n<h2 class=\"wp-block-heading\">3. Deberes de protecci\u00f3n<\/h2>\n\nLos avisos de copyright y otras caracter\u00edsticas de identificaci\u00f3n de los Productos no pueden eliminarse del software ni alterarse de ninguna manera.\n\n<h2 class=\"wp-block-heading\">4. Garant\u00eda, responsabilidad legal, da\u00f1os y perjuicios<\/h2>\n\nLos avisos de copyright y otras caracter\u00edsticas de identificaci\u00f3n de los Productos no pueden eliminarse del software ni alterarse de ninguna manera.\n\n<p>n relaci\u00f3n con cualquier reclamaci\u00f3n de garant\u00eda, responsabilidad y\/o da\u00f1os, el <a href=\"https:\/\/dev.soundfingers.com\/legal-document\/terms-conditions\/\" target=\"_blank\" rel=\"noopener\">Condiciones generales<\/a> de SoundFingers.<\/p>\n\n<h2 class=\"wp-block-heading\">5. Disposiciones finales<\/h2>\n\n5.1 - Si alguna estipulaci\u00f3n de este CLUF fuera o llegara a ser inv\u00e1lida, total o parcialmente, ello no afectar\u00e1 a la validez de las estipulaciones restantes. En su lugar, las partes se comprometen a sustituir la estipulaci\u00f3n inv\u00e1lida por una regulaci\u00f3n v\u00e1lida que se aproxime lo m\u00e1s posible al fin previsto originalmente.\n\n5.2 - En la medida en que el Licenciatario sea un comerciante en el sentido del C\u00f3digo de Comercio franc\u00e9s o una persona jur\u00eddica de derecho p\u00fablico o un patrimonio especial de derecho p\u00fablico, el fuero competente y el lugar de cumplimiento ser\u00e1 Estrasburgo, Francia. No obstante, SoundFingers se reserva el derecho de demandar al Licenciatario en su lugar de residencia o establecimiento comercial.\n\nPara cualquier consulta relativa al presente CLUF, dir\u00edjase por escrito a esta direcci\u00f3n:<br><br>SoundFingers<br><br>17, rue de Saint Di\u00e9<br><br>ESTRASBURGO<br><br>67100<br><br>contact@soundfingers.com\n\n5.3 - El presente CLUF est\u00e1 sujeto a las leyes de la Rep\u00fablica Francesa, con exclusi\u00f3n de la Convenci\u00f3n de las Naciones Unidas sobre los Contratos de Compraventa Internacional de Mercader\u00edas (CSIG), mientras que los consumidores que residan habitualmente en el extranjero podr\u00e1n acogerse igualmente a las leyes imperativas aplicables del Estado en el que sean residentes. El idioma contractual es el franc\u00e9s en la medida en que no se acuerde otra cosa por escrito.","protected":false},"excerpt":{"rendered":"<p>1. General 2. Scope of Use 1.1 &#8211; The following End User License Agreement (\u201cEULA\u201d) represents the contractual conditions between you (\u201cLicensee\u201d) and SoundFingers, 17 rue de Saint Di\u00e9, 67100 STRASBOURG, France (\u201cSoundFingers\u201d) for the use of software including related media, documentation (for example program descriptions, manuals) and other documents and materials manufactured by SoundFingers [&hellip;]<\/p>\n","protected":false},"author":1,"featured_media":0,"parent":0,"menu_order":0,"comment_status":"closed","ping_status":"closed","template":"","meta":{"_acf_changed":false,"_seopress_robots_primary_cat":"","_seopress_titles_title":"","_seopress_titles_desc":"","_seopress_robots_index":"","iawp_total_views":0,"footnotes":""},"class_list":["post-9003241321002093","page","type-page","status-publish","hentry"],"acf":[],"_links":{"self":[{"href":"https:\/\/soundfingers.com\/es\/wp-json\/wp\/v2\/pages\/9003241321002093","targetHints":{"allow":["GET"]}}],"collection":[{"href":"https:\/\/soundfingers.com\/es\/wp-json\/wp\/v2\/pages"}],"about":[{"href":"https:\/\/soundfingers.com\/es\/wp-json\/wp\/v2\/types\/page"}],"author":[{"embeddable":true,"href":"https:\/\/soundfingers.com\/es\/wp-json\/wp\/v2\/users\/1"}],"replies":[{"embeddable":true,"href":"https:\/\/soundfingers.com\/es\/wp-json\/wp\/v2\/comments?post=9003241321002093"}],"version-history":[{"count":0,"href":"https:\/\/soundfingers.com\/es\/wp-json\/wp\/v2\/pages\/9003241321002093\/revisions"}],"wp:attachment":[{"href":"https:\/\/soundfingers.com\/es\/wp-json\/wp\/v2\/media?parent=9003241321002093"}],"curies":[{"name":"wp","href":"https:\/\/api.w.org\/{rel}","templated":true}]}}