{"id":9003241321001961,"date":"2023-06-08T20:27:28","date_gmt":"2023-06-08T18:27:28","guid":{"rendered":"https:\/\/stage.staging.soundfingers.com\/?page_id=554"},"modified":"2024-03-24T13:08:27","modified_gmt":"2024-03-24T12:08:27","slug":"acerca-de-soundfingers","status":"publish","type":"page","link":"https:\/\/soundfingers.com\/es\/about-soundfingers\/","title":{"rendered":"Acerca de SoundFingers"},"content":{"rendered":"<h1 class=\"wp-block-heading\">Acerca de SoundFingers<\/h1>\n\n<p>Hola, me llamo Matt.<\/p>\n<p>Siempre me ha gustado la m\u00fasica. Estudi\u00e9 piano durante 8 a\u00f1os en mi juventud, y m\u00e1s tarde aprend\u00ed a tocar la guitarra por mi cuenta.<\/p>\n<p>Prob\u00e9 varias cosas: producci\u00f3n, mezcla, dise\u00f1o de sonido, grabaci\u00f3n de campo... Pero en alg\u00fan momento pens\u00e9 que ser\u00eda interesante crear instrumentos virtuales yo mismo. Y sent\u00ed que era algo que se me pod\u00eda dar bien.<\/p>\n<p>Empec\u00e9 a aprender a crear, guionizar y dise\u00f1ar instrumentos Kontakt.<\/p>\n<p>Empec\u00e9 a crear instrumentos Kontakt en 2018, pero pas\u00e9 de Kontakt a finales de 2021.<\/p>\n<p>Desde entonces, utilizo el framework HISE, basado en JUCE, y ahora ofrezco plugins de audio (VST3 \/ AU \/ AAX).<\/p>\n\n<p>Mi ambici\u00f3n es ofrecer mis propios productos, dise\u00f1ar instrumentos nuevos y originales para inspirar a los m\u00fasicos.<\/p>\n<p>SoundFingers fue creado en 2018. Desde entonces, no paro de trabajar. Soy s\u00f3lo yo : dise\u00f1o y programaci\u00f3n de instrumentos, y la gesti\u00f3n de mi sitio web.<\/p>\n<p class=\"translation-block\">Me comprometo a crear productos de calidad, y siempre estoy encantado de escuchar lo que los visitantes y los clientes tienen que decir, as\u00ed que no dude en <a href=\"https:\/\/soundfingers.com\/es\/pongase-en-contacto-con\/\" target=\"_self\">contactar<\/a> conmigo.<\/p>\n<p>Espero que disfrute de lo que le ofrezco,<\/p>\n<p>Bienvenido a SoundFingers.<\/p>\n\n<figure class=\"wp-block-image size-full\"><img data-dominant-color=\"847054\" data-has-transparency=\"false\" style=\"--dominant-color: #847054;\" decoding=\"async\" sizes=\"(max-width: 800px) 100vw, 800px\" src=\"https:\/\/soundfingers.com\/wp-content\/uploads\/2023\/07\/aboutPictureSquare.jpg\" alt=\"foto de matt de soundfingers con auriculares delante de un piano\" class=\"wp-image-9003241321302644 not-transparent\"><\/figure>\n\n<h1 class=\"wp-block-heading\">Informaci\u00f3n jur\u00eddica<\/h1>\n\n<address>\n<p>SoundFingers<\/p>\n<p>Sede social : 1 rue du Cercle, ENTZHEIM - Francia<\/p>\n<p>Registro Mercantil de Estrasburgo : 838769024<\/p>\n<p>N\u00ba APE : 5829C<\/p>\n<p>Representante legal : D. Mathieu RAHM<\/p>\n<p><a href=\"https:\/\/soundfingers.com\/es\/pongase-en-contacto-con\/\">P\u00f3ngase en contacto conmigo<\/a><\/p>\n<\/address>\n\n<figure class=\"wp-block-image size-full\"><img data-dominant-color=\"35324d\" data-has-transparency=\"false\" style=\"--dominant-color: #35324d;\" alt decoding=\"async\" sizes=\"(max-width: 1920px) 100vw, 1920px\" src=\"https:\/\/dev.soundfingers.com\/wp-content\/uploads\/2023\/02\/music-producer.jpg\" class =\"wp-image-9003241321005959 not-transparent\"><\/figure>\n\n<p>Volver <a href=\"https:\/\/soundfingers.com\/es\/\">P\u00e1gina de inicio<\/a><\/p>","protected":false},"excerpt":{"rendered":"<p>About SoundFingers Hi ! My name is Matt. I\u2019ve always been into music. I studied the piano for 8 years in my young years, and later I learned playing the guitar myself. I tried several things: producing, mixing, sound designing, field recording&#8230; But at some point, I thought it would be interesting to create virtual [&hellip;]<\/p>\n","protected":false},"author":1,"featured_media":0,"parent":0,"menu_order":0,"comment_status":"closed","ping_status":"closed","template":"","meta":{"_acf_changed":false,"_seopress_robots_primary_cat":"","_seopress_titles_title":"","_seopress_titles_desc":"","_seopress_robots_index":"","iawp_total_views":0,"footnotes":""},"class_list":["post-9003241321001961","page","type-page","status-publish","hentry"],"acf":[],"_links":{"self":[{"href":"https:\/\/soundfingers.com\/es\/wp-json\/wp\/v2\/pages\/9003241321001961","targetHints":{"allow":["GET"]}}],"collection":[{"href":"https:\/\/soundfingers.com\/es\/wp-json\/wp\/v2\/pages"}],"about":[{"href":"https:\/\/soundfingers.com\/es\/wp-json\/wp\/v2\/types\/page"}],"author":[{"embeddable":true,"href":"https:\/\/soundfingers.com\/es\/wp-json\/wp\/v2\/users\/1"}],"replies":[{"embeddable":true,"href":"https:\/\/soundfingers.com\/es\/wp-json\/wp\/v2\/comments?post=9003241321001961"}],"version-history":[{"count":0,"href":"https:\/\/soundfingers.com\/es\/wp-json\/wp\/v2\/pages\/9003241321001961\/revisions"}],"wp:attachment":[{"href":"https:\/\/soundfingers.com\/es\/wp-json\/wp\/v2\/media?parent=9003241321001961"}],"curies":[{"name":"wp","href":"https:\/\/api.w.org\/{rel}","templated":true}]}}