{"id":9003241321001943,"date":"2023-06-05T09:59:20","date_gmt":"2023-06-05T07:59:20","guid":{"rendered":"https:\/\/stage.staging.soundfingers.com\/?page_id=530"},"modified":"2025-12-03T18:46:50","modified_gmt":"2025-12-03T17:46:50","slug":"pongase-en-contacto-con","status":"publish","type":"page","link":"https:\/\/soundfingers.com\/es\/contact\/","title":{"rendered":"P\u00f3ngase en contacto con"},"content":{"rendered":"<h1 class=\"wp-block-heading\">P\u00f3ngase en contacto con<\/h1>\n\n<p>Antes de enviar un mensaje, consulte la secci\u00f3n <a href=\"https:\/\/dev.soundfingers.com\/support\/\">P\u00e1gina de preguntas frecuentes<\/a> para obtener ayuda y respuestas. Probablemente encontrar\u00e1 all\u00ed su respuesta.<\/p>\n<p>Si todav\u00eda tiene alguna pregunta o est\u00e1 teniendo problemas, p\u00f3ngase en contacto con nosotros a trav\u00e9s de este formulario. Le responderemos lo antes posible.<\/p>\n\nDe lunes a s\u00e1bado: de 9.00 a 20.00 h, GMT+1\n\n<p>Volver <a href=\"https:\/\/soundfingers.com\/es\/\">P\u00e1gina de inicio<\/a><\/p>\n\nNo dude en ponerse en contacto con nosotros si tiene alguna pregunta o consulta.\n\nActualmente estoy de vacaciones hasta el 3 de agosto. Mi tiempo de respuesta puede ser m\u00e1s largo de lo habitual.<br>Gracias por su paciencia y comprensi\u00f3n.","protected":false},"excerpt":{"rendered":"<p>Contact Before sending a message please refer first to the FAQ page for assistance and answers. You&#8217;ll probably find your answer there. If you still have any questions or you are having trouble then please contact us using this form. I\u2019ll get back to you as soon as possible. Mon. to Sat. \u2013 From 9 [&hellip;]<\/p>\n","protected":false},"author":1,"featured_media":0,"parent":0,"menu_order":0,"comment_status":"closed","ping_status":"closed","template":"","meta":{"_acf_changed":false,"_seopress_robots_primary_cat":"","_seopress_titles_title":"","_seopress_titles_desc":"Didn&#039;f find what you&#039;ve been looking for in our FAQ? Don&#039;t hesitate to contact us anytime if you have any questions.","_seopress_robots_index":"","iawp_total_views":0,"footnotes":""},"class_list":["post-9003241321001943","page","type-page","status-publish","hentry"],"acf":[],"_links":{"self":[{"href":"https:\/\/soundfingers.com\/es\/wp-json\/wp\/v2\/pages\/9003241321001943","targetHints":{"allow":["GET"]}}],"collection":[{"href":"https:\/\/soundfingers.com\/es\/wp-json\/wp\/v2\/pages"}],"about":[{"href":"https:\/\/soundfingers.com\/es\/wp-json\/wp\/v2\/types\/page"}],"author":[{"embeddable":true,"href":"https:\/\/soundfingers.com\/es\/wp-json\/wp\/v2\/users\/1"}],"replies":[{"embeddable":true,"href":"https:\/\/soundfingers.com\/es\/wp-json\/wp\/v2\/comments?post=9003241321001943"}],"version-history":[{"count":3,"href":"https:\/\/soundfingers.com\/es\/wp-json\/wp\/v2\/pages\/9003241321001943\/revisions"}],"predecessor-version":[{"id":9003241321318189,"href":"https:\/\/soundfingers.com\/es\/wp-json\/wp\/v2\/pages\/9003241321001943\/revisions\/9003241321318189"}],"wp:attachment":[{"href":"https:\/\/soundfingers.com\/es\/wp-json\/wp\/v2\/media?parent=9003241321001943"}],"curies":[{"name":"wp","href":"https:\/\/api.w.org\/{rel}","templated":true}]}}